{"id":21631,"date":"2024-03-12T04:12:33","date_gmt":"2024-03-12T04:12:33","guid":{"rendered":"https:\/\/bilingualelibrary.org\/registration\/"},"modified":"2024-03-12T04:12:33","modified_gmt":"2024-03-12T04:12:33","slug":"registration","status":"publish","type":"page","link":"https:\/\/www.bilingualelibrary.org\/es\/registration\/","title":{"rendered":"Registrarse"},"content":{"rendered":"<div class='user-registration ur-frontend-form' id='user-registration-form-21630'>\n\t\t\t\t\t\t\t\t<form method='post' class='register' data-form-id=\"21630\"\n\t\t\t\tdata-enable-strength-password=\"\" data-minimum-password-strength=\"3\"\n\t\t\t\t\t\t\t\t\t\t\t\t\t\t\t data-captcha-enabled=\"1\" action=\"\">\n\n\t\t\t\t<div class=\"ur-form-row\" data-row-id=\"1\">\t\t\t\t\t\t<div class=\"ur-form-grid ur-grid-1\"\n\t\t\t\t\t\t\tstyle=\"width:99%\">\n\t\t\t\t\t\t\t\t\t\t\t\t\t\t<div  data-field-id=\"user_email\" class=\"ur-field-item field-user_email\" data-ref-id=\"user_email\" data-field-pattern-enabled=\"0\" data-field-pattern-value=\" \" data-field-pattern-message=\" \">\n\t\t\t\t\t\t\t\t\t<div class=\"form-row validate-required\" id=\"user_email_field\" data-priority=\"\" ><label for=\"user_email\" class=\"ur-label\">Correo Electr\u00f3nico <abbr class=\"required\" title=\"required\">*<\/abbr><\/label> <span class=\"input-wrapper\"> <input  data-rules=\"\" data-id=\"user_email\" type=\"email\" class=\"input-text  without_icon input-email ur-frontend-field\" name=\"user_email\" id=\"user_email\" placeholder=\"\"  value=\"\" required=\"required\" data-label=\"User Email\" \/> <\/span> <\/div>\t\t\t\t\t\t\t\t<\/div>\n\t\t\t\t\t\t\t\t\t\t\t\t\t\t\t\t<div  data-field-id=\"first_name\" class=\"ur-field-item field-first_name\" data-ref-id=\"first_name\" data-field-pattern-enabled=\"0\" data-field-pattern-value=\" \" data-field-pattern-message=\"Please provide a valid value for this field.\">\n\t\t\t\t\t\t\t\t\t<div class=\"form-row validate-required\" id=\"first_name_field\" data-priority=\"\" ><label for=\"first_name\" class=\"ur-label\">First Name <abbr class=\"required\" title=\"required\">*<\/abbr><\/label> <span class=\"input-wrapper\"> <input  data-rules=\"\" data-id=\"first_name\" type=\"text\" class=\"input-text  without_icon input-text ur-frontend-field\" name=\"first_name\" id=\"first_name\" placeholder=\"\"  value=\"\" required=\"required\" data-label=\"First Name\" \/> <\/span> <\/div>\t\t\t\t\t\t\t\t<\/div>\n\t\t\t\t\t\t\t\t\t\t\t\t\t\t\t\t<div  data-field-id=\"last_name\" class=\"ur-field-item field-last_name\" data-ref-id=\"last_name\" data-field-pattern-enabled=\"0\" data-field-pattern-value=\" \" data-field-pattern-message=\"Please provide a valid value for this field.\">\n\t\t\t\t\t\t\t\t\t<div class=\"form-row validate-required\" id=\"last_name_field\" data-priority=\"\" ><label for=\"last_name\" class=\"ur-label\">Last Name <abbr class=\"required\" title=\"required\">*<\/abbr><\/label> <span class=\"input-wrapper\"> <input  data-rules=\"\" data-id=\"last_name\" type=\"text\" class=\"input-text  without_icon input-text ur-frontend-field\" name=\"last_name\" id=\"last_name\" placeholder=\"\"  value=\"\" required=\"required\" data-label=\"Last Name\" \/> <\/span> <\/div>\t\t\t\t\t\t\t\t<\/div>\n\t\t\t\t\t\t\t\t\t\t\t\t\t\t\t\t<div  data-field-id=\"number_box_1721774064\" class=\"ur-field-item field-number\" data-ref-id=\"number_box_1721774064\" data-field-pattern-enabled=\"0\" data-field-pattern-value=\" \" data-field-pattern-message=\"Please provide a valid value for this field.\">\n\t\t\t\t\t\t\t\t\t<div class=\"form-row\" id=\"number_box_1721774064_field\" data-priority=\"\" ><label for=\"number_box_1721774064\" class=\"ur-label\">Edad<\/label> <span class=\"input-wrapper\"> <input  data-rules=\"\" data-id=\"number_box_1721774064\" type=\"number\" class=\"input-text  without_icon input-number ur-frontend-field\" name=\"number_box_1721774064\" id=\"number_box_1721774064\" placeholder=\"\"  value=\"\" data-label=\"Age\" step=\"1\" \/> <\/span> <\/div>\t\t\t\t\t\t\t\t<\/div>\n\t\t\t\t\t\t\t\t\t\t\t\t\t\t\t\t<div  data-field-id=\"check_box_1715779470397\" class=\"ur-field-item field-checkbox\" data-ref-id=\"check_box_1715779470397\" data-field-pattern-enabled=\"0\" data-field-pattern-value=\" \" data-field-pattern-message=\" \">\n\t\t\t\t\t\t\t\t\t<div class=\"form-row validate-required\" id=\"check_box_1715779470397_field\" data-priority=\"\" ><label class=\"ur-label\" required=\"required\" data-label=\"Reading Level\">Nivel de Lectura <abbr class=\"required\" title=\"required\">*<\/abbr><\/label><ul ><li class=\"ur-checkbox-list\"><input data-rules=\"\" data-id=\"check_box_1715779470397[]\" required=\"required\" data-label=\"Reading Level\" data-value=\"Basic (Pre-K to 1st grade)\" type=\"checkbox\" class=\"input-checkbox ur-frontend-field\" name=\"check_box_1715779470397[]\" id=\"check_box_1715779470397_Basic (Pre-K to 1st grade)\" value=\"Basic (Pre-K to 1st grade)\" \/><label class=\"ur-checkbox-label\" for=\"check_box_1715779470397_Basic (Pre-K to 1st grade)\">Basic (Pre-K to 1st grade)<\/label> <\/li><li class=\"ur-checkbox-list\"><input data-rules=\"\" data-id=\"check_box_1715779470397[]\" required=\"required\" data-label=\"Reading Level\" data-value=\"Elemental (2nd to 5th grade)\" type=\"checkbox\" class=\"input-checkbox ur-frontend-field\" name=\"check_box_1715779470397[]\" id=\"check_box_1715779470397_Elemental (2nd to 5th grade)\" value=\"Elemental (2nd to 5th grade)\" \/><label class=\"ur-checkbox-label\" for=\"check_box_1715779470397_Elemental (2nd to 5th grade)\">Elemental (2nd to 5th grade)<\/label> <\/li><li class=\"ur-checkbox-list\"><input data-rules=\"\" data-id=\"check_box_1715779470397[]\" required=\"required\" data-label=\"Reading Level\" data-value=\"Intermedia (6th to 8th grade)\" type=\"checkbox\" class=\"input-checkbox ur-frontend-field\" name=\"check_box_1715779470397[]\" id=\"check_box_1715779470397_Intermedia (6th to 8th grade)\" value=\"Intermedia (6th to 8th grade)\" \/><label class=\"ur-checkbox-label\" for=\"check_box_1715779470397_Intermedia (6th to 8th grade)\">Intermedia (6th to 8th grade)<\/label> <\/li><li class=\"ur-checkbox-list\"><input data-rules=\"\" data-id=\"check_box_1715779470397[]\" required=\"required\" data-label=\"Reading Level\" data-value=\"High School\" type=\"checkbox\" class=\"input-checkbox ur-frontend-field\" name=\"check_box_1715779470397[]\" id=\"check_box_1715779470397_High School\" value=\"High School\" \/><label class=\"ur-checkbox-label\" for=\"check_box_1715779470397_High School\">Escuela Secundaria<\/label> <\/li><li class=\"ur-checkbox-list\"><input data-rules=\"\" data-id=\"check_box_1715779470397[]\" required=\"required\" data-label=\"Reading Level\" data-value=\"College\/University\" type=\"checkbox\" class=\"input-checkbox ur-frontend-field\" name=\"check_box_1715779470397[]\" id=\"check_box_1715779470397_College\/University\" value=\"College\/University\" \/><label class=\"ur-checkbox-label\" for=\"check_box_1715779470397_College\/University\">College\/University<\/label> <\/li><li class=\"ur-checkbox-list\"><input data-rules=\"\" data-id=\"check_box_1715779470397[]\" required=\"required\" data-label=\"Reading Level\" data-value=\"N\/A\" type=\"checkbox\" class=\"input-checkbox ur-frontend-field\" name=\"check_box_1715779470397[]\" id=\"check_box_1715779470397_N\/A\" value=\"N\/A\" \/><label class=\"ur-checkbox-label\" for=\"check_box_1715779470397_N\/A\">N\/A<\/label> <\/li><\/ul><\/div>\t\t\t\t\t\t\t\t<\/div>\n\t\t\t\t\t\t\t\t\t\t\t\t\t\t\t\t<div  data-field-id=\"check_box_1769610128413\" class=\"ur-field-item field-checkbox\" data-ref-id=\"check_box_1769610128413\" data-field-pattern-enabled=\"0\" data-field-pattern-value=\" \" data-field-pattern-message=\" \">\n\t\t\t\t\t\t\t\t\t<div class=\"form-row validate-required\" id=\"check_box_1769610128413_field\" data-priority=\"\" ><label class=\"ur-label\" required=\"required\" data-label=\"Ethnicity\">Etnicidad <abbr class=\"required\" title=\"required\">*<\/abbr><\/label><ul ><li class=\"ur-checkbox-list\"><input data-rules=\"\" data-id=\"check_box_1769610128413[]\" required=\"required\" data-label=\"Ethnicity\" data-value=\"American Indian or Alaska Native\" type=\"checkbox\" class=\"input-checkbox ur-frontend-field\" name=\"check_box_1769610128413[]\" id=\"check_box_1769610128413_American Indian or Alaska Native\" value=\"American Indian or Alaska Native\" \/><label class=\"ur-checkbox-label\" for=\"check_box_1769610128413_American Indian or Alaska Native\">Ind\u00edgena Americano o Nativo de Alaska<\/label> <\/li><li class=\"ur-checkbox-list\"><input data-rules=\"\" data-id=\"check_box_1769610128413[]\" required=\"required\" data-label=\"Ethnicity\" data-value=\"Asian\" type=\"checkbox\" class=\"input-checkbox ur-frontend-field\" name=\"check_box_1769610128413[]\" id=\"check_box_1769610128413_Asian\" value=\"Asian\" \/><label class=\"ur-checkbox-label\" for=\"check_box_1769610128413_Asian\">Asi\u00e1tico<\/label> <\/li><li class=\"ur-checkbox-list\"><input data-rules=\"\" data-id=\"check_box_1769610128413[]\" required=\"required\" data-label=\"Ethnicity\" data-value=\"Black or African American\" type=\"checkbox\" class=\"input-checkbox ur-frontend-field\" name=\"check_box_1769610128413[]\" id=\"check_box_1769610128413_Black or African American\" value=\"Black or African American\" \/><label class=\"ur-checkbox-label\" for=\"check_box_1769610128413_Black or African American\">Negro o Afroamericano<\/label> <\/li><li class=\"ur-checkbox-list\"><input data-rules=\"\" data-id=\"check_box_1769610128413[]\" required=\"required\" data-label=\"Ethnicity\" data-value=\"Hispanic or Latino\" type=\"checkbox\" class=\"input-checkbox ur-frontend-field\" name=\"check_box_1769610128413[]\" id=\"check_box_1769610128413_Hispanic or Latino\" value=\"Hispanic or Latino\" \/><label class=\"ur-checkbox-label\" for=\"check_box_1769610128413_Hispanic or Latino\">Hispano o Latino<\/label> <\/li><li class=\"ur-checkbox-list\"><input data-rules=\"\" data-id=\"check_box_1769610128413[]\" required=\"required\" data-label=\"Ethnicity\" data-value=\"Native Hawaiian or Other Pacific Islander\" type=\"checkbox\" class=\"input-checkbox ur-frontend-field\" name=\"check_box_1769610128413[]\" id=\"check_box_1769610128413_Native Hawaiian or Other Pacific Islander\" value=\"Native Hawaiian or Other Pacific Islander\" \/><label class=\"ur-checkbox-label\" for=\"check_box_1769610128413_Native Hawaiian or Other Pacific Islander\">Nativo de Haw\u00e1i o de las lslas del Pac\u00edfico<\/label> <\/li><li class=\"ur-checkbox-list\"><input data-rules=\"\" data-id=\"check_box_1769610128413[]\" required=\"required\" data-label=\"Ethnicity\" data-value=\"White\" type=\"checkbox\" class=\"input-checkbox ur-frontend-field\" name=\"check_box_1769610128413[]\" id=\"check_box_1769610128413_White\" value=\"White\" \/><label class=\"ur-checkbox-label\" for=\"check_box_1769610128413_White\">Blanco<\/label> <\/li><li class=\"ur-checkbox-list\"><input data-rules=\"\" data-id=\"check_box_1769610128413[]\" required=\"required\" data-label=\"Ethnicity\" data-value=\"Other\" type=\"checkbox\" class=\"input-checkbox ur-frontend-field\" name=\"check_box_1769610128413[]\" id=\"check_box_1769610128413_Other\" value=\"Other\" \/><label class=\"ur-checkbox-label\" for=\"check_box_1769610128413_Other\">Otro<\/label> <\/li><\/ul><\/div>\t\t\t\t\t\t\t\t<\/div>\n\t\t\t\t\t\t\t\t\t\t\t\t\t\t\t\t<div  data-field-id=\"check_box_1711546952\" class=\"ur-field-item field-checkbox\" data-ref-id=\"check_box_1711546952\" data-field-pattern-enabled=\"0\" data-field-pattern-value=\" \" data-field-pattern-message=\" \">\n\t\t\t\t\t\t\t\t\t<div class=\"form-row validate-required\" id=\"check_box_1711546952_field\" data-priority=\"\" ><label class=\"ur-label\" required=\"required\" data-label=\"My purpose in using the e-library is:\">My purpose in using the e-library is: <abbr class=\"required\" title=\"required\">*<\/abbr><\/label><ul ><li class=\"ur-checkbox-list\"><input data-rules=\"\" data-id=\"check_box_1711546952[]\" required=\"required\" data-label=\"My purpose in using the e-library is:\" data-value=\"Read for enjoyment\" type=\"checkbox\" class=\"input-checkbox ur-frontend-field\" name=\"check_box_1711546952[]\" id=\"check_box_1711546952_Read for enjoyment\" value=\"Read for enjoyment\" \/><label class=\"ur-checkbox-label\" for=\"check_box_1711546952_Read for enjoyment\">Read for enjoyment<\/label> <\/li><li class=\"ur-checkbox-list\"><input data-rules=\"\" data-id=\"check_box_1711546952[]\" required=\"required\" data-label=\"My purpose in using the e-library is:\" data-value=\"Learn\/Practice English\" type=\"checkbox\" class=\"input-checkbox ur-frontend-field\" name=\"check_box_1711546952[]\" id=\"check_box_1711546952_Learn\/Practice English\" value=\"Learn\/Practice English\" \/><label class=\"ur-checkbox-label\" for=\"check_box_1711546952_Learn\/Practice English\">Learn\/Practice English<\/label> <\/li><li class=\"ur-checkbox-list\"><input data-rules=\"\" data-id=\"check_box_1711546952[]\" required=\"required\" data-label=\"My purpose in using the e-library is:\" data-value=\"Learn\/Practice Spanish\" type=\"checkbox\" class=\"input-checkbox ur-frontend-field\" name=\"check_box_1711546952[]\" id=\"check_box_1711546952_Learn\/Practice Spanish\" value=\"Learn\/Practice Spanish\" \/><label class=\"ur-checkbox-label\" for=\"check_box_1711546952_Learn\/Practice Spanish\">Learn\/Practice Spanish<\/label> <\/li><li class=\"ur-checkbox-list\"><input data-rules=\"\" data-id=\"check_box_1711546952[]\" required=\"required\" data-label=\"My purpose in using the e-library is:\" data-value=\"Other\" type=\"checkbox\" class=\"input-checkbox ur-frontend-field\" name=\"check_box_1711546952[]\" id=\"check_box_1711546952_Other\" value=\"Other\" \/><label class=\"ur-checkbox-label\" for=\"check_box_1711546952_Other\">Otro<\/label> <\/li><\/ul><\/div>\t\t\t\t\t\t\t\t<\/div>\n\t\t\t\t\t\t\t\t\t\t\t\t\t\t\t\t<div  data-field-id=\"billing_state\" class=\"ur-field-item field-billing_state\" data-ref-id=\"billing_state\" data-field-pattern-enabled=\"0\" data-field-pattern-value=\" \" data-field-pattern-message=\" \">\n\t\t\t\t\t\t\t\t\t<div class=\"form-row validate-required\" id=\"billing_state_field\" data-priority=\"\" ><label for=\"billing_state\" class=\"ur-label\">Country <abbr class=\"required\" title=\"required\">*<\/abbr><\/label> <span class=\"input-wrapper\"> <input  data-rules=\"\" data-id=\"billing_state\" type=\"text\" class=\"input-text  without_icon input-text ur-frontend-field\" name=\"billing_state\" id=\"billing_state\" placeholder=\"\"  value=\"\" required=\"required\" data-label=\"Country\" \/> <\/span> <\/div>\t\t\t\t\t\t\t\t<\/div>\n\t\t\t\t\t\t\t\t\t\t\t\t\t\t\t\t<div  data-field-id=\"user_pass\" class=\"ur-field-item field-user_pass\" data-ref-id=\"user_pass\" data-field-pattern-enabled=\"0\" data-field-pattern-value=\" \" data-field-pattern-message=\"Please provide a valid value for this field.\">\n\t\t\t\t\t\t\t\t\t<div class=\"form-row validate-required hide_show_password\" id=\"user_pass_field\" data-priority=\"\"><label for=\"user_pass\" class=\"ur-label\">Contrase\u00f1a del Usuario <abbr class=\"required\" title=\"required\">*<\/abbr><\/label> <span class=\"input-wrapper\"> <span class=\"password-input-group input-form-field-icons\"><input data-rules=\"\" data-id=\"user_pass\" type=\"password\" class=\"input-text without_icon input-password ur-frontend-field\" name=\"user_pass\" id=\"user_pass\" placeholder=\"\"  value=\"\" required=\"required\" data-label=\"User Password\" \/><a href=\"javaScript:void(0)\" class=\"password_preview dashicons dashicons-hidden\" title=\" Show password \"><\/a><\/span> <\/span> <\/div>\t\t\t\t\t\t\t\t<\/div>\n\t\t\t\t\t\t\t\t\t\t\t\t\t\t\t\t<div  data-field-id=\"user_confirm_password\" class=\"ur-field-item field-user_confirm_password\" data-ref-id=\"user_confirm_password\" data-field-pattern-enabled=\"0\" data-field-pattern-value=\" \" data-field-pattern-message=\" \">\n\t\t\t\t\t\t\t\t\t<div class=\"form-row validate-required hide_show_password\" id=\"user_confirm_password_field\" data-priority=\"\"><label for=\"user_confirm_password\" class=\"ur-label\">Confirmar Contrase\u00f1a <abbr class=\"required\" title=\"required\">*<\/abbr><\/label> <span class=\"input-wrapper\"> <span class=\"password-input-group input-form-field-icons\"><input data-rules=\"\" data-id=\"user_confirm_password\" type=\"password\" class=\"input-text without_icon input-password ur-frontend-field\" name=\"user_confirm_password\" id=\"user_confirm_password\" placeholder=\"\"  value=\"\" required=\"required\" data-label=\"Confirm Password\" \/><a href=\"javaScript:void(0)\" class=\"password_preview dashicons dashicons-hidden\" title=\" Show password \"><\/a><\/span> <\/span> <\/div>\t\t\t\t\t\t\t\t<\/div>\n\t\t\t\t\t\t\t\t\t\t\t\t\t\t<\/div>\n\t\t\t\t\t\t\t\t\t\t\t<\/div>\n\t\t\t\t\t<div class=\"ur-form-row\" data-row-id=\"2\">\t\t\t\t\t\t<div class=\"ur-form-grid ur-grid-1\"\n\t\t\t\t\t\t\tstyle=\"width:99%\">\n\t\t\t\t\t\t\t\t\t\t\t\t\t\t<div  data-field-id=\"privacy_policy_1749165647\" class=\"ur-field-item field-privacy_policy\" data-ref-id=\"privacy_policy_1749165647\" data-field-pattern-enabled=\"0\" data-field-pattern-value=\" \" data-field-pattern-message=\" \">\n\t\t\t\t\t\t\t\t\t<div class=\"form-row validate-required\" id=\"privacy_policy_1749165647_field\" data-priority=\"\" ><label class=\"ur-label checkbox\" required=\"required\" data-label=\"Email Communication Consent\">\n\t\t\t\t\t\t\t<input data-rules=\"\" data-id=\"privacy_policy_1749165647\" required=\"required\" data-label=\"Email Communication Consent\" data-value=\"\" type=\"checkbox\" class=\"input-checkbox ur-frontend-field\" name=\"privacy_policy_1749165647\" id=\"privacy_policy_1749165647\" value=\"1\"  \/> Consentimiento para Comunicaciones por Correo Electr\u00f3nico <abbr class=\"required\" title=\"required\">*<\/abbr><\/label><span class=\"description\">Al registrarte en el sitio web de la Biblioteca Electr\u00f3nica Biling\u00fce de UHD, aceptas recibir actualizaciones ocasionales por correo electr\u00f3nico, incluyendo noticias, eventos y recursos relacionados con el proyecto.<\/span><\/div>\t\t\t\t\t\t\t\t<\/div>\n\t\t\t\t\t\t\t\t\t\t\t\t\t\t<\/div>\n\t\t\t\t\t\t\t\t\t\t\t<\/div>\n\t\t\t\t\t\t\t\t\t\t\t<div id=\"ur-recaptcha-node\"> <div id=\"node_recaptcha_register\" class=\"g-recaptcha\"><\/div><\/div>\t\t\t\t\t\t<div class=\"ur-button-container\" >\n\t\t\t\t\t\t\t\t\t\t\t\t\t\t<button type=\"submit\" class=\"btn button ur-submit-button\"  conditional_rules=\"&quot;&quot;\">\n\t\t\t\t\t\t\t\t<span><\/span>\n\t\t\t\t\t\t\t\tReg\u00edstrate\t\t\t\t\t\t\t<\/button>\n\t\t\t\t\t\t\t\t\t\t\t\t\t\t\t\t\t\t\t\t<\/div>\n\t\t\t\t\t\t\n\t\t\t\t<div style=\"clear:both\"><\/div>\n\t\t\t\t\t\t\t\t<input type=\"hidden\" name=\"ur-registration-language\" value=\"es\"\/>\n\t\t\t\t<input type=\"hidden\" name=\"ur-user-form-id\" value=\"21630\"\/>\n\t\t\t\t<input type=\"hidden\" name=\"ur-redirect-url\" value=\"https:\/\/www.bilingualelibrary.org\/es\/\"\/>\n\t\t\t\t<input type=\"hidden\" id=\"ur_frontend_form_nonce\" name=\"ur_frontend_form_nonce\" value=\"1463c8e683\" \/>\n\t\t\t\t\t\t\t<input type=\"hidden\" name=\"trp-form-language\" value=\"es\"\/><\/form>\n\t\t\t\n\t\t<div style=\"clear:both\"><\/div>\n\t<\/div>","protected":false},"excerpt":{"rendered":"","protected":false},"author":1,"featured_media":0,"parent":0,"menu_order":0,"comment_status":"closed","ping_status":"closed","template":"","meta":{"footnotes":""},"class_list":["post-21631","page","type-page","status-publish","hentry"],"yoast_head":"<!-- This site is optimized with the Yoast SEO plugin v27.2 - https:\/\/yoast.com\/product\/yoast-seo-wordpress\/ -->\n<title>Registration - UHD Bilingual E-Library<\/title>\n<meta name=\"robots\" content=\"index, follow, max-snippet:-1, max-image-preview:large, max-video-preview:-1\" \/>\n<link rel=\"canonical\" href=\"https:\/\/www.bilingualelibrary.org\/es\/registration\/\" \/>\n<meta property=\"og:locale\" content=\"es_ES\" \/>\n<meta property=\"og:type\" content=\"article\" \/>\n<meta property=\"og:title\" content=\"Registration - UHD Bilingual E-Library\" \/>\n<meta property=\"og:url\" content=\"https:\/\/www.bilingualelibrary.org\/es\/registration\/\" \/>\n<meta property=\"og:site_name\" content=\"UHD Bilingual E-Library\" \/>\n<meta property=\"article:publisher\" content=\"https:\/\/www.facebook.com\/UHDBilingualeLibrary\" \/>\n<meta name=\"twitter:card\" content=\"summary_large_image\" \/>\n<script type=\"application\/ld+json\" class=\"yoast-schema-graph\">{\"@context\":\"https:\/\/schema.org\",\"@graph\":[{\"@type\":\"WebPage\",\"@id\":\"https:\/\/www.bilingualelibrary.org\/en\/registration\/\",\"url\":\"https:\/\/www.bilingualelibrary.org\/en\/registration\/\",\"name\":\"Registration - UHD Bilingual E-Library\",\"isPartOf\":{\"@id\":\"https:\/\/www.bilingualelibrary.org\/en\/#website\"},\"datePublished\":\"2024-03-12T04:12:33+00:00\",\"breadcrumb\":{\"@id\":\"https:\/\/www.bilingualelibrary.org\/en\/registration\/#breadcrumb\"},\"inLanguage\":\"es\",\"potentialAction\":[{\"@type\":\"ReadAction\",\"target\":[\"https:\/\/www.bilingualelibrary.org\/en\/registration\/\"]}]},{\"@type\":\"BreadcrumbList\",\"@id\":\"https:\/\/www.bilingualelibrary.org\/en\/registration\/#breadcrumb\",\"itemListElement\":[{\"@type\":\"ListItem\",\"position\":1,\"name\":\"Home\",\"item\":\"https:\/\/www.bilingualelibrary.org\/es\/\"},{\"@type\":\"ListItem\",\"position\":2,\"name\":\"Registration\"}]},{\"@type\":\"WebSite\",\"@id\":\"https:\/\/www.bilingualelibrary.org\/en\/#website\",\"url\":\"https:\/\/www.bilingualelibrary.org\/en\/\",\"name\":\"UHD Bilingual E-Library\",\"description\":\"\",\"publisher\":{\"@id\":\"https:\/\/www.bilingualelibrary.org\/en\/#organization\"},\"potentialAction\":[{\"@type\":\"SearchAction\",\"target\":{\"@type\":\"EntryPoint\",\"urlTemplate\":\"https:\/\/www.bilingualelibrary.org\/en\/?s={search_term_string}\"},\"query-input\":{\"@type\":\"PropertyValueSpecification\",\"valueRequired\":true,\"valueName\":\"search_term_string\"}}],\"inLanguage\":\"es\"},{\"@type\":\"Organization\",\"@id\":\"https:\/\/www.bilingualelibrary.org\/en\/#organization\",\"name\":\"University of Houston-Downtown Bilingual E-Library\",\"url\":\"https:\/\/www.bilingualelibrary.org\/en\/\",\"logo\":{\"@type\":\"ImageObject\",\"inLanguage\":\"es\",\"@id\":\"https:\/\/www.bilingualelibrary.org\/en\/#\/schema\/logo\/image\/\",\"url\":\"https:\/\/www.bilingualelibrary.org\/wp-content\/uploads\/2023\/12\/cropped-logo-signature.png\",\"contentUrl\":\"https:\/\/www.bilingualelibrary.org\/wp-content\/uploads\/2023\/12\/cropped-logo-signature.png\",\"width\":341,\"height\":54,\"caption\":\"University of Houston-Downtown Bilingual E-Library\"},\"image\":{\"@id\":\"https:\/\/www.bilingualelibrary.org\/en\/#\/schema\/logo\/image\/\"},\"sameAs\":[\"https:\/\/www.facebook.com\/UHDBilingualeLibrary\",\"https:\/\/www.instagram.com\/uhdbilingualelibrary\",\"https:\/\/www.youtube.com\/@E-LibraryUHD\"]}]}<\/script>\n<!-- \/ Yoast SEO plugin. -->","yoast_head_json":{"title":"Registration - UHD Bilingual E-Library","robots":{"index":"index","follow":"follow","max-snippet":"max-snippet:-1","max-image-preview":"max-image-preview:large","max-video-preview":"max-video-preview:-1"},"canonical":"https:\/\/www.bilingualelibrary.org\/es\/registration\/","og_locale":"es_ES","og_type":"article","og_title":"Registration - UHD Bilingual E-Library","og_url":"https:\/\/www.bilingualelibrary.org\/es\/registration\/","og_site_name":"UHD Bilingual E-Library","article_publisher":"https:\/\/www.facebook.com\/UHDBilingualeLibrary","twitter_card":"summary_large_image","schema":{"@context":"https:\/\/schema.org","@graph":[{"@type":"WebPage","@id":"https:\/\/www.bilingualelibrary.org\/en\/registration\/","url":"https:\/\/www.bilingualelibrary.org\/en\/registration\/","name":"Registration - UHD Bilingual E-Library","isPartOf":{"@id":"https:\/\/www.bilingualelibrary.org\/en\/#website"},"datePublished":"2024-03-12T04:12:33+00:00","breadcrumb":{"@id":"https:\/\/www.bilingualelibrary.org\/en\/registration\/#breadcrumb"},"inLanguage":"es","potentialAction":[{"@type":"ReadAction","target":["https:\/\/www.bilingualelibrary.org\/en\/registration\/"]}]},{"@type":"BreadcrumbList","@id":"https:\/\/www.bilingualelibrary.org\/en\/registration\/#breadcrumb","itemListElement":[{"@type":"ListItem","position":1,"name":"Home","item":"https:\/\/www.bilingualelibrary.org\/es\/"},{"@type":"ListItem","position":2,"name":"Registration"}]},{"@type":"WebSite","@id":"https:\/\/www.bilingualelibrary.org\/en\/#website","url":"https:\/\/www.bilingualelibrary.org\/en\/","name":"Biblioteca Electr\u00f3nica Biling\u00fce, UHD","description":"","publisher":{"@id":"https:\/\/www.bilingualelibrary.org\/en\/#organization"},"potentialAction":[{"@type":"SearchAction","target":{"@type":"EntryPoint","urlTemplate":"https:\/\/www.bilingualelibrary.org\/en\/?s={search_term_string}"},"query-input":{"@type":"PropertyValueSpecification","valueRequired":true,"valueName":"search_term_string"}}],"inLanguage":"es"},{"@type":"Organization","@id":"https:\/\/www.bilingualelibrary.org\/en\/#organization","name":"University of Houston-Downtown Bilingual E-Library","url":"https:\/\/www.bilingualelibrary.org\/en\/","logo":{"@type":"ImageObject","inLanguage":"es","@id":"https:\/\/www.bilingualelibrary.org\/en\/#\/schema\/logo\/image\/","url":"https:\/\/www.bilingualelibrary.org\/wp-content\/uploads\/2023\/12\/cropped-logo-signature.png","contentUrl":"https:\/\/www.bilingualelibrary.org\/wp-content\/uploads\/2023\/12\/cropped-logo-signature.png","width":341,"height":54,"caption":"University of Houston-Downtown Bilingual E-Library"},"image":{"@id":"https:\/\/www.bilingualelibrary.org\/en\/#\/schema\/logo\/image\/"},"sameAs":["https:\/\/www.facebook.com\/UHDBilingualeLibrary","https:\/\/www.instagram.com\/uhdbilingualelibrary","https:\/\/www.youtube.com\/@E-LibraryUHD"]}]}},"_links":{"self":[{"href":"https:\/\/www.bilingualelibrary.org\/es\/wp-json\/wp\/v2\/pages\/21631","targetHints":{"allow":["GET"]}}],"collection":[{"href":"https:\/\/www.bilingualelibrary.org\/es\/wp-json\/wp\/v2\/pages"}],"about":[{"href":"https:\/\/www.bilingualelibrary.org\/es\/wp-json\/wp\/v2\/types\/page"}],"author":[{"embeddable":true,"href":"https:\/\/www.bilingualelibrary.org\/es\/wp-json\/wp\/v2\/users\/1"}],"replies":[{"embeddable":true,"href":"https:\/\/www.bilingualelibrary.org\/es\/wp-json\/wp\/v2\/comments?post=21631"}],"version-history":[{"count":0,"href":"https:\/\/www.bilingualelibrary.org\/es\/wp-json\/wp\/v2\/pages\/21631\/revisions"}],"wp:attachment":[{"href":"https:\/\/www.bilingualelibrary.org\/es\/wp-json\/wp\/v2\/media?parent=21631"}],"curies":[{"name":"wp","href":"https:\/\/api.w.org\/{rel}","templated":true}]}}