{"id":20215,"date":"2024-01-31T03:55:36","date_gmt":"2024-01-31T08:55:36","guid":{"rendered":"https:\/\/bilingualelibrary.org\/product\/jayden-aprende-a-nadar\/"},"modified":"2026-01-08T17:47:18","modified_gmt":"2026-01-08T22:47:18","slug":"jayden-aprende-a-nadar","status":"publish","type":"product","link":"https:\/\/www.bilingualelibrary.org\/es\/product\/jayden-aprende-a-nadar\/","title":{"rendered":"Jayden aprende a nadar"},"content":{"rendered":"<p>Noah, el pez Betta, vive en el oc\u00e9ano con sus amigos. Un d\u00eda, mientras nadaba, apareci\u00f3 un animal nuevo en una roca. Este animal no sab\u00eda nadar y necesita la ayuda de Noah y sus amigos para poder aprender a nadar.<\/p>","protected":false},"excerpt":{"rendered":"<div class=\"responsive-iframe-container\">\n    <iframe src=\"https:\/\/d2y36twrtb17ty.cloudfront.net:443\/sessions\/3347a4fd-a7be-4c42-a670-ae230157b90d\/13aa6f01-0e66-436e-ad73-ae230157b913-cb171bca-841a-4abc-b707-ae0501729641.mp4?InvocationID=917514dc-34c0-ee11-8291-12c206d2fd2b&#038;tid=00000000-0000-0000-0000-000000000000&#038;StreamID=2f6c919e-bdf7-4247-8a75-ae230157b915&#038;ServerName=uhdowntown.hosted.panopto.com\" frameborder=\"0\" allowfullscreen><\/iframe>\n<\/div>","protected":false},"featured_media":21865,"comment_status":"open","ping_status":"closed","template":"","meta":[],"product_brand":[],"product_cat":[400,401],"product_tag":[],"class_list":{"0":"post-20215","1":"product","2":"type-product","3":"status-publish","4":"has-post-thumbnail","6":"product_cat-400","7":"product_cat-aventura","9":"first","10":"instock","11":"shipping-taxable","12":"product-type-simple"},"yoast_head":"<!-- This site is optimized with the Yoast SEO plugin v27.2 - https:\/\/yoast.com\/product\/yoast-seo-wordpress\/ -->\n<title>Jayden aprende a nadar - UHD Bilingual E-Library<\/title>\n<meta name=\"robots\" content=\"index, follow, max-snippet:-1, max-image-preview:large, max-video-preview:-1\" \/>\n<link rel=\"canonical\" href=\"https:\/\/www.bilingualelibrary.org\/es\/producto\/jayden-aprende-a-nadar\/\" \/>\n<meta property=\"og:locale\" content=\"es_ES\" \/>\n<meta property=\"og:type\" content=\"article\" \/>\n<meta property=\"og:title\" content=\"Jayden aprende a nadar - UHD Bilingual E-Library\" \/>\n<meta property=\"og:url\" content=\"https:\/\/www.bilingualelibrary.org\/es\/producto\/jayden-aprende-a-nadar\/\" \/>\n<meta property=\"og:site_name\" content=\"UHD Bilingual E-Library\" \/>\n<meta property=\"article:publisher\" content=\"https:\/\/www.facebook.com\/UHDBilingualeLibrary\" \/>\n<meta property=\"article:modified_time\" content=\"2026-01-08T22:47:18+00:00\" \/>\n<meta property=\"og:image\" content=\"https:\/\/www.bilingualelibrary.org\/wp-content\/uploads\/2024\/04\/jayden-aprende-a-nadar.jpg\" \/>\n\t<meta property=\"og:image:width\" content=\"740\" \/>\n\t<meta property=\"og:image:height\" content=\"416\" \/>\n\t<meta property=\"og:image:type\" content=\"image\/jpeg\" \/>\n<meta name=\"twitter:card\" content=\"summary_large_image\" \/>\n<script type=\"application\/ld+json\" class=\"yoast-schema-graph\">{\"@context\":\"https:\/\/schema.org\",\"@graph\":[{\"@type\":\"WebPage\",\"@id\":\"https:\/\/www.bilingualelibrary.org\/product\/jayden-aprende-a-nadar\/\",\"url\":\"https:\/\/www.bilingualelibrary.org\/product\/jayden-aprende-a-nadar\/\",\"name\":\"Jayden aprende a nadar - UHD Bilingual E-Library\",\"isPartOf\":{\"@id\":\"https:\/\/www.bilingualelibrary.org\/en\/#website\"},\"primaryImageOfPage\":{\"@id\":\"https:\/\/www.bilingualelibrary.org\/product\/jayden-aprende-a-nadar\/#primaryimage\"},\"image\":{\"@id\":\"https:\/\/www.bilingualelibrary.org\/product\/jayden-aprende-a-nadar\/#primaryimage\"},\"thumbnailUrl\":\"https:\/\/www.bilingualelibrary.org\/wp-content\/uploads\/2024\/04\/jayden-aprende-a-nadar.jpg\",\"datePublished\":\"2024-01-31T08:55:36+00:00\",\"dateModified\":\"2026-01-08T22:47:18+00:00\",\"breadcrumb\":{\"@id\":\"https:\/\/www.bilingualelibrary.org\/product\/jayden-aprende-a-nadar\/#breadcrumb\"},\"inLanguage\":\"es\",\"potentialAction\":[{\"@type\":\"ReadAction\",\"target\":[\"https:\/\/www.bilingualelibrary.org\/product\/jayden-aprende-a-nadar\/\"]}]},{\"@type\":\"ImageObject\",\"inLanguage\":\"es\",\"@id\":\"https:\/\/www.bilingualelibrary.org\/product\/jayden-aprende-a-nadar\/#primaryimage\",\"url\":\"https:\/\/www.bilingualelibrary.org\/wp-content\/uploads\/2024\/04\/jayden-aprende-a-nadar.jpg\",\"contentUrl\":\"https:\/\/www.bilingualelibrary.org\/wp-content\/uploads\/2024\/04\/jayden-aprende-a-nadar.jpg\",\"width\":740,\"height\":416},{\"@type\":\"BreadcrumbList\",\"@id\":\"https:\/\/www.bilingualelibrary.org\/product\/jayden-aprende-a-nadar\/#breadcrumb\",\"itemListElement\":[{\"@type\":\"ListItem\",\"position\":1,\"name\":\"Home\",\"item\":\"https:\/\/www.bilingualelibrary.org\/es\/\"},{\"@type\":\"ListItem\",\"position\":2,\"name\":\"E-Library\",\"item\":\"https:\/\/www.bilingualelibrary.org\/en\/e-library\/\"},{\"@type\":\"ListItem\",\"position\":3,\"name\":\"Jayden aprende a nadar\"}]},{\"@type\":\"WebSite\",\"@id\":\"https:\/\/www.bilingualelibrary.org\/en\/#website\",\"url\":\"https:\/\/www.bilingualelibrary.org\/en\/\",\"name\":\"UHD Bilingual E-Library\",\"description\":\"\",\"publisher\":{\"@id\":\"https:\/\/www.bilingualelibrary.org\/en\/#organization\"},\"potentialAction\":[{\"@type\":\"SearchAction\",\"target\":{\"@type\":\"EntryPoint\",\"urlTemplate\":\"https:\/\/www.bilingualelibrary.org\/en\/?s={search_term_string}\"},\"query-input\":{\"@type\":\"PropertyValueSpecification\",\"valueRequired\":true,\"valueName\":\"search_term_string\"}}],\"inLanguage\":\"es\"},{\"@type\":\"Organization\",\"@id\":\"https:\/\/www.bilingualelibrary.org\/en\/#organization\",\"name\":\"University of Houston-Downtown Bilingual E-Library\",\"url\":\"https:\/\/www.bilingualelibrary.org\/en\/\",\"logo\":{\"@type\":\"ImageObject\",\"inLanguage\":\"es\",\"@id\":\"https:\/\/www.bilingualelibrary.org\/en\/#\/schema\/logo\/image\/\",\"url\":\"https:\/\/www.bilingualelibrary.org\/wp-content\/uploads\/2023\/12\/cropped-logo-signature.png\",\"contentUrl\":\"https:\/\/www.bilingualelibrary.org\/wp-content\/uploads\/2023\/12\/cropped-logo-signature.png\",\"width\":341,\"height\":54,\"caption\":\"University of Houston-Downtown Bilingual E-Library\"},\"image\":{\"@id\":\"https:\/\/www.bilingualelibrary.org\/en\/#\/schema\/logo\/image\/\"},\"sameAs\":[\"https:\/\/www.facebook.com\/UHDBilingualeLibrary\",\"https:\/\/www.instagram.com\/uhdbilingualelibrary\",\"https:\/\/www.youtube.com\/@E-LibraryUHD\"]}]}<\/script>\n<!-- \/ Yoast SEO plugin. -->","yoast_head_json":{"title":"Jayden aprende a nadar - UHD Bilingual E-Library","robots":{"index":"index","follow":"follow","max-snippet":"max-snippet:-1","max-image-preview":"max-image-preview:large","max-video-preview":"max-video-preview:-1"},"canonical":"https:\/\/www.bilingualelibrary.org\/es\/producto\/jayden-aprende-a-nadar\/","og_locale":"es_ES","og_type":"article","og_title":"Jayden aprende a nadar - UHD Bilingual E-Library","og_url":"https:\/\/www.bilingualelibrary.org\/es\/producto\/jayden-aprende-a-nadar\/","og_site_name":"UHD Bilingual E-Library","article_publisher":"https:\/\/www.facebook.com\/UHDBilingualeLibrary","article_modified_time":"2026-01-08T22:47:18+00:00","og_image":[{"width":740,"height":416,"url":"https:\/\/www.bilingualelibrary.org\/wp-content\/uploads\/2024\/04\/jayden-aprende-a-nadar.jpg","type":"image\/jpeg"}],"twitter_card":"summary_large_image","schema":{"@context":"https:\/\/schema.org","@graph":[{"@type":"WebPage","@id":"https:\/\/www.bilingualelibrary.org\/product\/jayden-aprende-a-nadar\/","url":"https:\/\/www.bilingualelibrary.org\/product\/jayden-aprende-a-nadar\/","name":"Jayden aprende a nadar - UHD Bilingual E-Library","isPartOf":{"@id":"https:\/\/www.bilingualelibrary.org\/en\/#website"},"primaryImageOfPage":{"@id":"https:\/\/www.bilingualelibrary.org\/product\/jayden-aprende-a-nadar\/#primaryimage"},"image":{"@id":"https:\/\/www.bilingualelibrary.org\/product\/jayden-aprende-a-nadar\/#primaryimage"},"thumbnailUrl":"https:\/\/www.bilingualelibrary.org\/wp-content\/uploads\/2024\/04\/jayden-aprende-a-nadar.jpg","datePublished":"2024-01-31T08:55:36+00:00","dateModified":"2026-01-08T22:47:18+00:00","breadcrumb":{"@id":"https:\/\/www.bilingualelibrary.org\/product\/jayden-aprende-a-nadar\/#breadcrumb"},"inLanguage":"es","potentialAction":[{"@type":"ReadAction","target":["https:\/\/www.bilingualelibrary.org\/product\/jayden-aprende-a-nadar\/"]}]},{"@type":"ImageObject","inLanguage":"es","@id":"https:\/\/www.bilingualelibrary.org\/product\/jayden-aprende-a-nadar\/#primaryimage","url":"https:\/\/www.bilingualelibrary.org\/wp-content\/uploads\/2024\/04\/jayden-aprende-a-nadar.jpg","contentUrl":"https:\/\/www.bilingualelibrary.org\/wp-content\/uploads\/2024\/04\/jayden-aprende-a-nadar.jpg","width":740,"height":416},{"@type":"BreadcrumbList","@id":"https:\/\/www.bilingualelibrary.org\/product\/jayden-aprende-a-nadar\/#breadcrumb","itemListElement":[{"@type":"ListItem","position":1,"name":"Home","item":"https:\/\/www.bilingualelibrary.org\/es\/"},{"@type":"ListItem","position":2,"name":"E-Library","item":"https:\/\/www.bilingualelibrary.org\/en\/e-library\/"},{"@type":"ListItem","position":3,"name":"Jayden aprende a nadar"}]},{"@type":"WebSite","@id":"https:\/\/www.bilingualelibrary.org\/en\/#website","url":"https:\/\/www.bilingualelibrary.org\/en\/","name":"Biblioteca Electr\u00f3nica Biling\u00fce, UHD","description":"","publisher":{"@id":"https:\/\/www.bilingualelibrary.org\/en\/#organization"},"potentialAction":[{"@type":"SearchAction","target":{"@type":"EntryPoint","urlTemplate":"https:\/\/www.bilingualelibrary.org\/en\/?s={search_term_string}"},"query-input":{"@type":"PropertyValueSpecification","valueRequired":true,"valueName":"search_term_string"}}],"inLanguage":"es"},{"@type":"Organization","@id":"https:\/\/www.bilingualelibrary.org\/en\/#organization","name":"University of Houston-Downtown Bilingual E-Library","url":"https:\/\/www.bilingualelibrary.org\/en\/","logo":{"@type":"ImageObject","inLanguage":"es","@id":"https:\/\/www.bilingualelibrary.org\/en\/#\/schema\/logo\/image\/","url":"https:\/\/www.bilingualelibrary.org\/wp-content\/uploads\/2023\/12\/cropped-logo-signature.png","contentUrl":"https:\/\/www.bilingualelibrary.org\/wp-content\/uploads\/2023\/12\/cropped-logo-signature.png","width":341,"height":54,"caption":"University of Houston-Downtown Bilingual E-Library"},"image":{"@id":"https:\/\/www.bilingualelibrary.org\/en\/#\/schema\/logo\/image\/"},"sameAs":["https:\/\/www.facebook.com\/UHDBilingualeLibrary","https:\/\/www.instagram.com\/uhdbilingualelibrary","https:\/\/www.youtube.com\/@E-LibraryUHD"]}]}},"_links":{"self":[{"href":"https:\/\/www.bilingualelibrary.org\/es\/wp-json\/wp\/v2\/product\/20215","targetHints":{"allow":["GET"]}}],"collection":[{"href":"https:\/\/www.bilingualelibrary.org\/es\/wp-json\/wp\/v2\/product"}],"about":[{"href":"https:\/\/www.bilingualelibrary.org\/es\/wp-json\/wp\/v2\/types\/product"}],"replies":[{"embeddable":true,"href":"https:\/\/www.bilingualelibrary.org\/es\/wp-json\/wp\/v2\/comments?post=20215"}],"wp:featuredmedia":[{"embeddable":true,"href":"https:\/\/www.bilingualelibrary.org\/es\/wp-json\/wp\/v2\/media\/21865"}],"wp:attachment":[{"href":"https:\/\/www.bilingualelibrary.org\/es\/wp-json\/wp\/v2\/media?parent=20215"}],"wp:term":[{"taxonomy":"product_brand","embeddable":true,"href":"https:\/\/www.bilingualelibrary.org\/es\/wp-json\/wp\/v2\/product_brand?post=20215"},{"taxonomy":"product_cat","embeddable":true,"href":"https:\/\/www.bilingualelibrary.org\/es\/wp-json\/wp\/v2\/product_cat?post=20215"},{"taxonomy":"product_tag","embeddable":true,"href":"https:\/\/www.bilingualelibrary.org\/es\/wp-json\/wp\/v2\/product_tag?post=20215"}],"curies":[{"name":"wp","href":"https:\/\/api.w.org\/{rel}","templated":true}]}}