{"id":20696,"date":"2024-02-13T08:53:03","date_gmt":"2024-02-13T08:53:03","guid":{"rendered":"https:\/\/bilingualelibrary.org\/product\/truco-o-trato\/"},"modified":"2026-01-08T17:47:45","modified_gmt":"2026-01-08T22:47:45","slug":"truco-o-trato","status":"publish","type":"product","link":"https:\/\/www.bilingualelibrary.org\/es\/product\/truco-o-trato\/","title":{"rendered":"\u00a1Truco o Trato!"},"content":{"rendered":"<p>&#8220;En el barrio de Greenswood, todos estaban felices porque era Halloween. Teddy el oso estaba feliz porque \u00e9l quer\u00eda miel. Teddy fue a todas las casas, pero nadie le abr\u00eda. Esto hizo que Teddy se pusiera muy triste.<\/p>","protected":false},"excerpt":{"rendered":"<div class=\"responsive-iframe-container\">\n    <iframe src=\"https:\/\/d2y36twrtb17ty.cloudfront.net\/sessions\/90eadf2e-c608-456a-89d3-ae050179c696\/a4bf4532-2e52-4e89-b4ab-ae050179c696-cbd0dbd3-36a2-4005-a12e-ae050179c696.mp4?InvocationID=da372b35-48ca-ee11-8291-12c206d2fd2b&#038;tid=00000000-0000-0000-0000-000000000000&#038;StreamID=6b74641e-b4d5-4031-a2a3-ae050179c6b7&#038;ServerName=uhdowntown.hosted.panopto.com\" frameborder=\"0\" allowfullscreen><\/iframe>\n<\/div>\n<style>\n        .custom-button {\n            display: inline-block;\n            padding: 10px 20px;\n            font-size: 16px;\n            cursor: pointer;\n            text-align: center;\n            text-decoration: none;\n            outline: none;\n            color: #fff;\n            background-color: #14326B;\n            border: none;\n            border-radius: 5px;\n            box-shadow: 0 3px #999;\n        }<\/p>\n<p>        .custom-button:hover {background-color: #14326B}<\/p>\n<p>        .custom-button:active {\n            background-color: #14326B;\n            box-shadow: 0 1px #666;\n            transform: translateY(4px);\n        }\n    <\/style>\n<p><\/head><\/p>\n<p>    <!-- Button HTML --><br \/>\n    <a href=\"https:\/\/www.bilingualelibrary.org\/es\/producto\/trick-or-treat\/\" class=\"custom-button\">Versi\u00f3n en ingl\u00e9s<\/a><\/p>\n<p><\/html><\/p>","protected":false},"featured_media":22013,"comment_status":"open","ping_status":"closed","template":"","meta":[],"product_brand":[],"product_cat":[628],"product_tag":[],"class_list":{"0":"post-20696","1":"product","2":"type-product","3":"status-publish","4":"has-post-thumbnail","6":"product_cat-628","8":"first","9":"instock","10":"shipping-taxable","11":"product-type-simple"},"yoast_head":"<!-- This site is optimized with the Yoast SEO plugin v27.2 - https:\/\/yoast.com\/product\/yoast-seo-wordpress\/ -->\n<title>\u00a1Truco o Trato! - UHD Bilingual E-Library<\/title>\n<meta name=\"robots\" content=\"index, follow, max-snippet:-1, max-image-preview:large, max-video-preview:-1\" \/>\n<link rel=\"canonical\" href=\"https:\/\/www.bilingualelibrary.org\/es\/producto\/truco-o-trato\/\" \/>\n<meta property=\"og:locale\" content=\"es_ES\" \/>\n<meta property=\"og:type\" content=\"article\" \/>\n<meta property=\"og:title\" content=\"\u00a1Truco o Trato! - UHD Bilingual E-Library\" \/>\n<meta property=\"og:description\" content=\"English Version\" \/>\n<meta property=\"og:url\" content=\"https:\/\/www.bilingualelibrary.org\/es\/producto\/truco-o-trato\/\" \/>\n<meta property=\"og:site_name\" content=\"UHD Bilingual E-Library\" \/>\n<meta property=\"article:publisher\" content=\"https:\/\/www.facebook.com\/UHDBilingualeLibrary\" \/>\n<meta property=\"article:modified_time\" content=\"2026-01-08T22:47:45+00:00\" \/>\n<meta property=\"og:image\" content=\"https:\/\/www.bilingualelibrary.org\/wp-content\/uploads\/2024\/04\/Truco-o-trato.png\" \/>\n\t<meta property=\"og:image:width\" content=\"443\" \/>\n\t<meta property=\"og:image:height\" content=\"237\" \/>\n\t<meta property=\"og:image:type\" content=\"image\/png\" \/>\n<meta name=\"twitter:card\" content=\"summary_large_image\" \/>\n<script type=\"application\/ld+json\" class=\"yoast-schema-graph\">{\"@context\":\"https:\/\/schema.org\",\"@graph\":[{\"@type\":\"WebPage\",\"@id\":\"https:\/\/www.bilingualelibrary.org\/es\/producto\/truco-o-trato\/\",\"url\":\"https:\/\/www.bilingualelibrary.org\/es\/producto\/truco-o-trato\/\",\"name\":\"\u00a1Truco o Trato! - UHD Bilingual E-Library\",\"isPartOf\":{\"@id\":\"https:\/\/www.bilingualelibrary.org\/en\/#website\"},\"primaryImageOfPage\":{\"@id\":\"https:\/\/www.bilingualelibrary.org\/es\/producto\/truco-o-trato\/#primaryimage\"},\"image\":{\"@id\":\"https:\/\/www.bilingualelibrary.org\/es\/producto\/truco-o-trato\/#primaryimage\"},\"thumbnailUrl\":\"https:\/\/www.bilingualelibrary.org\/wp-content\/uploads\/2024\/04\/Truco-o-trato.png\",\"datePublished\":\"2024-02-13T08:53:03+00:00\",\"dateModified\":\"2026-01-08T22:47:45+00:00\",\"breadcrumb\":{\"@id\":\"https:\/\/www.bilingualelibrary.org\/es\/producto\/truco-o-trato\/#breadcrumb\"},\"inLanguage\":\"es\",\"potentialAction\":[{\"@type\":\"ReadAction\",\"target\":[\"https:\/\/www.bilingualelibrary.org\/es\/producto\/truco-o-trato\/\"]}]},{\"@type\":\"ImageObject\",\"inLanguage\":\"es\",\"@id\":\"https:\/\/www.bilingualelibrary.org\/es\/producto\/truco-o-trato\/#primaryimage\",\"url\":\"https:\/\/www.bilingualelibrary.org\/wp-content\/uploads\/2024\/04\/Truco-o-trato.png\",\"contentUrl\":\"https:\/\/www.bilingualelibrary.org\/wp-content\/uploads\/2024\/04\/Truco-o-trato.png\",\"width\":443,\"height\":237},{\"@type\":\"BreadcrumbList\",\"@id\":\"https:\/\/www.bilingualelibrary.org\/es\/producto\/truco-o-trato\/#breadcrumb\",\"itemListElement\":[{\"@type\":\"ListItem\",\"position\":1,\"name\":\"Home\",\"item\":\"https:\/\/www.bilingualelibrary.org\/es\/\"},{\"@type\":\"ListItem\",\"position\":2,\"name\":\"E-Library\",\"item\":\"https:\/\/www.bilingualelibrary.org\/en\/e-library\/\"},{\"@type\":\"ListItem\",\"position\":3,\"name\":\"\u00a1Truco o Trato!\"}]},{\"@type\":\"WebSite\",\"@id\":\"https:\/\/www.bilingualelibrary.org\/en\/#website\",\"url\":\"https:\/\/www.bilingualelibrary.org\/en\/\",\"name\":\"UHD Bilingual E-Library\",\"description\":\"\",\"publisher\":{\"@id\":\"https:\/\/www.bilingualelibrary.org\/en\/#organization\"},\"potentialAction\":[{\"@type\":\"SearchAction\",\"target\":{\"@type\":\"EntryPoint\",\"urlTemplate\":\"https:\/\/www.bilingualelibrary.org\/en\/?s={search_term_string}\"},\"query-input\":{\"@type\":\"PropertyValueSpecification\",\"valueRequired\":true,\"valueName\":\"search_term_string\"}}],\"inLanguage\":\"es\"},{\"@type\":\"Organization\",\"@id\":\"https:\/\/www.bilingualelibrary.org\/en\/#organization\",\"name\":\"University of Houston-Downtown Bilingual E-Library\",\"url\":\"https:\/\/www.bilingualelibrary.org\/en\/\",\"logo\":{\"@type\":\"ImageObject\",\"inLanguage\":\"es\",\"@id\":\"https:\/\/www.bilingualelibrary.org\/en\/#\/schema\/logo\/image\/\",\"url\":\"https:\/\/www.bilingualelibrary.org\/wp-content\/uploads\/2023\/12\/cropped-logo-signature.png\",\"contentUrl\":\"https:\/\/www.bilingualelibrary.org\/wp-content\/uploads\/2023\/12\/cropped-logo-signature.png\",\"width\":341,\"height\":54,\"caption\":\"University of Houston-Downtown Bilingual E-Library\"},\"image\":{\"@id\":\"https:\/\/www.bilingualelibrary.org\/en\/#\/schema\/logo\/image\/\"},\"sameAs\":[\"https:\/\/www.facebook.com\/UHDBilingualeLibrary\",\"https:\/\/www.instagram.com\/uhdbilingualelibrary\",\"https:\/\/www.youtube.com\/@E-LibraryUHD\"]}]}<\/script>\n<!-- \/ Yoast SEO plugin. -->","yoast_head_json":{"title":"\u00a1Truco o Trato! - UHD Bilingual E-Library","robots":{"index":"index","follow":"follow","max-snippet":"max-snippet:-1","max-image-preview":"max-image-preview:large","max-video-preview":"max-video-preview:-1"},"canonical":"https:\/\/www.bilingualelibrary.org\/es\/producto\/truco-o-trato\/","og_locale":"es_ES","og_type":"article","og_title":"\u00a1Truco o Trato! - UHD Bilingual E-Library","og_description":"English Version","og_url":"https:\/\/www.bilingualelibrary.org\/es\/producto\/truco-o-trato\/","og_site_name":"UHD Bilingual E-Library","article_publisher":"https:\/\/www.facebook.com\/UHDBilingualeLibrary","article_modified_time":"2026-01-08T22:47:45+00:00","og_image":[{"width":443,"height":237,"url":"https:\/\/www.bilingualelibrary.org\/wp-content\/uploads\/2024\/04\/Truco-o-trato.png","type":"image\/png"}],"twitter_card":"summary_large_image","schema":{"@context":"https:\/\/schema.org","@graph":[{"@type":"WebPage","@id":"https:\/\/www.bilingualelibrary.org\/es\/producto\/truco-o-trato\/","url":"https:\/\/www.bilingualelibrary.org\/es\/producto\/truco-o-trato\/","name":"\u00a1Truco o Trato! - UHD Bilingual E-Library","isPartOf":{"@id":"https:\/\/www.bilingualelibrary.org\/en\/#website"},"primaryImageOfPage":{"@id":"https:\/\/www.bilingualelibrary.org\/es\/producto\/truco-o-trato\/#primaryimage"},"image":{"@id":"https:\/\/www.bilingualelibrary.org\/es\/producto\/truco-o-trato\/#primaryimage"},"thumbnailUrl":"https:\/\/www.bilingualelibrary.org\/wp-content\/uploads\/2024\/04\/Truco-o-trato.png","datePublished":"2024-02-13T08:53:03+00:00","dateModified":"2026-01-08T22:47:45+00:00","breadcrumb":{"@id":"https:\/\/www.bilingualelibrary.org\/es\/producto\/truco-o-trato\/#breadcrumb"},"inLanguage":"es","potentialAction":[{"@type":"ReadAction","target":["https:\/\/www.bilingualelibrary.org\/es\/producto\/truco-o-trato\/"]}]},{"@type":"ImageObject","inLanguage":"es","@id":"https:\/\/www.bilingualelibrary.org\/es\/producto\/truco-o-trato\/#primaryimage","url":"https:\/\/www.bilingualelibrary.org\/wp-content\/uploads\/2024\/04\/Truco-o-trato.png","contentUrl":"https:\/\/www.bilingualelibrary.org\/wp-content\/uploads\/2024\/04\/Truco-o-trato.png","width":443,"height":237},{"@type":"BreadcrumbList","@id":"https:\/\/www.bilingualelibrary.org\/es\/producto\/truco-o-trato\/#breadcrumb","itemListElement":[{"@type":"ListItem","position":1,"name":"Home","item":"https:\/\/www.bilingualelibrary.org\/es\/"},{"@type":"ListItem","position":2,"name":"E-Library","item":"https:\/\/www.bilingualelibrary.org\/en\/e-library\/"},{"@type":"ListItem","position":3,"name":"\u00a1Truco o Trato!"}]},{"@type":"WebSite","@id":"https:\/\/www.bilingualelibrary.org\/en\/#website","url":"https:\/\/www.bilingualelibrary.org\/en\/","name":"Biblioteca Electr\u00f3nica Biling\u00fce, UHD","description":"","publisher":{"@id":"https:\/\/www.bilingualelibrary.org\/en\/#organization"},"potentialAction":[{"@type":"SearchAction","target":{"@type":"EntryPoint","urlTemplate":"https:\/\/www.bilingualelibrary.org\/en\/?s={search_term_string}"},"query-input":{"@type":"PropertyValueSpecification","valueRequired":true,"valueName":"search_term_string"}}],"inLanguage":"es"},{"@type":"Organization","@id":"https:\/\/www.bilingualelibrary.org\/en\/#organization","name":"University of Houston-Downtown Bilingual E-Library","url":"https:\/\/www.bilingualelibrary.org\/en\/","logo":{"@type":"ImageObject","inLanguage":"es","@id":"https:\/\/www.bilingualelibrary.org\/en\/#\/schema\/logo\/image\/","url":"https:\/\/www.bilingualelibrary.org\/wp-content\/uploads\/2023\/12\/cropped-logo-signature.png","contentUrl":"https:\/\/www.bilingualelibrary.org\/wp-content\/uploads\/2023\/12\/cropped-logo-signature.png","width":341,"height":54,"caption":"University of Houston-Downtown Bilingual E-Library"},"image":{"@id":"https:\/\/www.bilingualelibrary.org\/en\/#\/schema\/logo\/image\/"},"sameAs":["https:\/\/www.facebook.com\/UHDBilingualeLibrary","https:\/\/www.instagram.com\/uhdbilingualelibrary","https:\/\/www.youtube.com\/@E-LibraryUHD"]}]}},"_links":{"self":[{"href":"https:\/\/www.bilingualelibrary.org\/es\/wp-json\/wp\/v2\/product\/20696","targetHints":{"allow":["GET"]}}],"collection":[{"href":"https:\/\/www.bilingualelibrary.org\/es\/wp-json\/wp\/v2\/product"}],"about":[{"href":"https:\/\/www.bilingualelibrary.org\/es\/wp-json\/wp\/v2\/types\/product"}],"replies":[{"embeddable":true,"href":"https:\/\/www.bilingualelibrary.org\/es\/wp-json\/wp\/v2\/comments?post=20696"}],"wp:featuredmedia":[{"embeddable":true,"href":"https:\/\/www.bilingualelibrary.org\/es\/wp-json\/wp\/v2\/media\/22013"}],"wp:attachment":[{"href":"https:\/\/www.bilingualelibrary.org\/es\/wp-json\/wp\/v2\/media?parent=20696"}],"wp:term":[{"taxonomy":"product_brand","embeddable":true,"href":"https:\/\/www.bilingualelibrary.org\/es\/wp-json\/wp\/v2\/product_brand?post=20696"},{"taxonomy":"product_cat","embeddable":true,"href":"https:\/\/www.bilingualelibrary.org\/es\/wp-json\/wp\/v2\/product_cat?post=20696"},{"taxonomy":"product_tag","embeddable":true,"href":"https:\/\/www.bilingualelibrary.org\/es\/wp-json\/wp\/v2\/product_tag?post=20696"}],"curies":[{"name":"wp","href":"https:\/\/api.w.org\/{rel}","templated":true}]}}