{"id":21287,"date":"2024-02-20T05:23:49","date_gmt":"2024-02-20T10:23:49","guid":{"rendered":"https:\/\/bilingualelibrary.org\/product\/mascotas-a-la-escuela\/"},"modified":"2026-01-08T17:48:11","modified_gmt":"2026-01-08T22:48:11","slug":"mascotas-a-la-escuela","status":"publish","type":"product","link":"https:\/\/www.bilingualelibrary.org\/es\/product\/mascotas-a-la-escuela\/","title":{"rendered":"\u00bfPor qu\u00e9 no puedo llevar a mi mascota a la escuela?"},"content":{"rendered":"<p>Emmanuel y Oliver eran hermanos y ten\u00edan un gato llamado Heroe. Ellos llevaban a su gato a todas partes, pero sus pap\u00e1s les dec\u00edan que esto no era posible. Un d\u00eda decidieron llevarlo a la escuela y varios problemas ocurrieron.<\/p>","protected":false},"excerpt":{"rendered":"<div class=\"responsive-iframe-container\">\n    <iframe src=\"https:\/\/d2y36twrtb17ty.cloudfront.net\/sessions\/b3b7eb33-0f32-4b9d-b411-ae050179c5b0\/c3cb967d-6861-4b37-9ac2-ae050179c5b0-17629fce-9818-460e-a78b-ae050179c5b0.mp4?InvocationID=b93003b4-dbcf-ee11-8291-12c206d2fd2b&#038;tid=00000000-0000-0000-0000-000000000000&#038;StreamID=5a7f56f7-19f8-45fa-90de-ae050179c5be&#038;ServerName=uhdowntown.hosted.panopto.com\" frameborder=\"0\" allowfullscreen><\/iframe>\n<\/div>\n<style>\n        .custom-button {\n            display: inline-block;\n            padding: 10px 20px;\n            font-size: 16px;\n            cursor: pointer;\n            text-align: center;\n            text-decoration: none;\n            outline: none;\n            color: #fff;\n            background-color: #14326B;\n            border: none;\n            border-radius: 5px;\n            box-shadow: 0 3px #999;\n        }<\/p>\n<p>        .custom-button:hover {background-color: #14326B}<\/p>\n<p>        .custom-button:active {\n            background-color: #14326B;\n            box-shadow: 0 1px #666;\n            transform: translateY(4px);\n        }\n    <\/style>\n<p><\/head><\/p>\n<p>    <!-- Button HTML --><br \/>\n    <a href=\"https:\/\/www.bilingualelibrary.org\/es\/producto\/take-my-pet-to-school\/\" class=\"custom-button\">Versi\u00f3n en ingl\u00e9s<\/a><\/p>\n<p><\/html><\/p>","protected":false},"featured_media":22187,"comment_status":"open","ping_status":"closed","template":"","meta":[],"product_brand":[],"product_cat":[735],"product_tag":[749,790],"class_list":{"0":"post-21287","1":"product","2":"type-product","3":"status-publish","4":"has-post-thumbnail","6":"product_cat-735","7":"product_tag-escuela-school-mascotas-cat-animal","8":"product_tag-e-book","10":"first","11":"instock","12":"shipping-taxable","13":"product-type-simple"},"yoast_head":"<!-- This site is optimized with the Yoast SEO plugin v27.2 - https:\/\/yoast.com\/product\/yoast-seo-wordpress\/ -->\n<title>\u00bfPor qu\u00e9 no puedo llevar a mi mascota a la escuela? - UHD Bilingual E-Library<\/title>\n<meta name=\"robots\" content=\"index, follow, max-snippet:-1, max-image-preview:large, max-video-preview:-1\" \/>\n<link rel=\"canonical\" href=\"https:\/\/www.bilingualelibrary.org\/es\/producto\/mascotas-a-la-escuela\/\" \/>\n<meta property=\"og:locale\" content=\"es_ES\" \/>\n<meta property=\"og:type\" content=\"article\" \/>\n<meta property=\"og:title\" content=\"\u00bfPor qu\u00e9 no puedo llevar a mi mascota a la escuela? - UHD Bilingual E-Library\" \/>\n<meta property=\"og:description\" content=\"English Version\" \/>\n<meta property=\"og:url\" content=\"https:\/\/www.bilingualelibrary.org\/es\/producto\/mascotas-a-la-escuela\/\" \/>\n<meta property=\"og:site_name\" content=\"UHD Bilingual E-Library\" \/>\n<meta property=\"article:publisher\" content=\"https:\/\/www.facebook.com\/UHDBilingualeLibrary\" \/>\n<meta property=\"article:modified_time\" content=\"2026-01-08T22:48:11+00:00\" \/>\n<meta property=\"og:image\" content=\"https:\/\/www.bilingualelibrary.org\/wp-content\/uploads\/2024\/04\/Mascotas-a-la-Escuela.jpeg\" \/>\n\t<meta property=\"og:image:width\" content=\"739\" \/>\n\t<meta property=\"og:image:height\" content=\"416\" \/>\n\t<meta property=\"og:image:type\" content=\"image\/jpeg\" \/>\n<meta name=\"twitter:card\" content=\"summary_large_image\" \/>\n<script type=\"application\/ld+json\" class=\"yoast-schema-graph\">{\"@context\":\"https:\/\/schema.org\",\"@graph\":[{\"@type\":\"WebPage\",\"@id\":\"https:\/\/www.bilingualelibrary.org\/product\/mascotas-a-la-escuela\/\",\"url\":\"https:\/\/www.bilingualelibrary.org\/product\/mascotas-a-la-escuela\/\",\"name\":\"\u00bfPor qu\u00e9 no puedo llevar a mi mascota a la escuela? - UHD Bilingual E-Library\",\"isPartOf\":{\"@id\":\"https:\/\/www.bilingualelibrary.org\/en\/#website\"},\"primaryImageOfPage\":{\"@id\":\"https:\/\/www.bilingualelibrary.org\/product\/mascotas-a-la-escuela\/#primaryimage\"},\"image\":{\"@id\":\"https:\/\/www.bilingualelibrary.org\/product\/mascotas-a-la-escuela\/#primaryimage\"},\"thumbnailUrl\":\"https:\/\/www.bilingualelibrary.org\/wp-content\/uploads\/2024\/04\/Mascotas-a-la-Escuela.jpeg\",\"datePublished\":\"2024-02-20T10:23:49+00:00\",\"dateModified\":\"2026-01-08T22:48:11+00:00\",\"breadcrumb\":{\"@id\":\"https:\/\/www.bilingualelibrary.org\/product\/mascotas-a-la-escuela\/#breadcrumb\"},\"inLanguage\":\"es\",\"potentialAction\":[{\"@type\":\"ReadAction\",\"target\":[\"https:\/\/www.bilingualelibrary.org\/product\/mascotas-a-la-escuela\/\"]}]},{\"@type\":\"ImageObject\",\"inLanguage\":\"es\",\"@id\":\"https:\/\/www.bilingualelibrary.org\/product\/mascotas-a-la-escuela\/#primaryimage\",\"url\":\"https:\/\/www.bilingualelibrary.org\/wp-content\/uploads\/2024\/04\/Mascotas-a-la-Escuela.jpeg\",\"contentUrl\":\"https:\/\/www.bilingualelibrary.org\/wp-content\/uploads\/2024\/04\/Mascotas-a-la-Escuela.jpeg\",\"width\":739,\"height\":416},{\"@type\":\"BreadcrumbList\",\"@id\":\"https:\/\/www.bilingualelibrary.org\/product\/mascotas-a-la-escuela\/#breadcrumb\",\"itemListElement\":[{\"@type\":\"ListItem\",\"position\":1,\"name\":\"Home\",\"item\":\"https:\/\/www.bilingualelibrary.org\/es\/\"},{\"@type\":\"ListItem\",\"position\":2,\"name\":\"E-Library\",\"item\":\"https:\/\/www.bilingualelibrary.org\/en\/e-library\/\"},{\"@type\":\"ListItem\",\"position\":3,\"name\":\"\u00bfPor qu\u00e9 no puedo llevar a mi mascota a la escuela?\"}]},{\"@type\":\"WebSite\",\"@id\":\"https:\/\/www.bilingualelibrary.org\/en\/#website\",\"url\":\"https:\/\/www.bilingualelibrary.org\/en\/\",\"name\":\"UHD Bilingual E-Library\",\"description\":\"\",\"publisher\":{\"@id\":\"https:\/\/www.bilingualelibrary.org\/en\/#organization\"},\"potentialAction\":[{\"@type\":\"SearchAction\",\"target\":{\"@type\":\"EntryPoint\",\"urlTemplate\":\"https:\/\/www.bilingualelibrary.org\/en\/?s={search_term_string}\"},\"query-input\":{\"@type\":\"PropertyValueSpecification\",\"valueRequired\":true,\"valueName\":\"search_term_string\"}}],\"inLanguage\":\"es\"},{\"@type\":\"Organization\",\"@id\":\"https:\/\/www.bilingualelibrary.org\/en\/#organization\",\"name\":\"University of Houston-Downtown Bilingual E-Library\",\"url\":\"https:\/\/www.bilingualelibrary.org\/en\/\",\"logo\":{\"@type\":\"ImageObject\",\"inLanguage\":\"es\",\"@id\":\"https:\/\/www.bilingualelibrary.org\/en\/#\/schema\/logo\/image\/\",\"url\":\"https:\/\/www.bilingualelibrary.org\/wp-content\/uploads\/2023\/12\/cropped-logo-signature.png\",\"contentUrl\":\"https:\/\/www.bilingualelibrary.org\/wp-content\/uploads\/2023\/12\/cropped-logo-signature.png\",\"width\":341,\"height\":54,\"caption\":\"University of Houston-Downtown Bilingual E-Library\"},\"image\":{\"@id\":\"https:\/\/www.bilingualelibrary.org\/en\/#\/schema\/logo\/image\/\"},\"sameAs\":[\"https:\/\/www.facebook.com\/UHDBilingualeLibrary\",\"https:\/\/www.instagram.com\/uhdbilingualelibrary\",\"https:\/\/www.youtube.com\/@E-LibraryUHD\"]}]}<\/script>\n<!-- \/ Yoast SEO plugin. -->","yoast_head_json":{"title":"\u00bfPor qu\u00e9 no puedo llevar a mi mascota a la escuela? - UHD Bilingual E-Library","robots":{"index":"index","follow":"follow","max-snippet":"max-snippet:-1","max-image-preview":"max-image-preview:large","max-video-preview":"max-video-preview:-1"},"canonical":"https:\/\/www.bilingualelibrary.org\/es\/producto\/mascotas-a-la-escuela\/","og_locale":"es_ES","og_type":"article","og_title":"\u00bfPor qu\u00e9 no puedo llevar a mi mascota a la escuela? - UHD Bilingual E-Library","og_description":"English Version","og_url":"https:\/\/www.bilingualelibrary.org\/es\/producto\/mascotas-a-la-escuela\/","og_site_name":"UHD Bilingual E-Library","article_publisher":"https:\/\/www.facebook.com\/UHDBilingualeLibrary","article_modified_time":"2026-01-08T22:48:11+00:00","og_image":[{"width":739,"height":416,"url":"https:\/\/www.bilingualelibrary.org\/wp-content\/uploads\/2024\/04\/Mascotas-a-la-Escuela.jpeg","type":"image\/jpeg"}],"twitter_card":"summary_large_image","schema":{"@context":"https:\/\/schema.org","@graph":[{"@type":"WebPage","@id":"https:\/\/www.bilingualelibrary.org\/product\/mascotas-a-la-escuela\/","url":"https:\/\/www.bilingualelibrary.org\/product\/mascotas-a-la-escuela\/","name":"\u00bfPor qu\u00e9 no puedo llevar a mi mascota a la escuela? - UHD Bilingual E-Library","isPartOf":{"@id":"https:\/\/www.bilingualelibrary.org\/en\/#website"},"primaryImageOfPage":{"@id":"https:\/\/www.bilingualelibrary.org\/product\/mascotas-a-la-escuela\/#primaryimage"},"image":{"@id":"https:\/\/www.bilingualelibrary.org\/product\/mascotas-a-la-escuela\/#primaryimage"},"thumbnailUrl":"https:\/\/www.bilingualelibrary.org\/wp-content\/uploads\/2024\/04\/Mascotas-a-la-Escuela.jpeg","datePublished":"2024-02-20T10:23:49+00:00","dateModified":"2026-01-08T22:48:11+00:00","breadcrumb":{"@id":"https:\/\/www.bilingualelibrary.org\/product\/mascotas-a-la-escuela\/#breadcrumb"},"inLanguage":"es","potentialAction":[{"@type":"ReadAction","target":["https:\/\/www.bilingualelibrary.org\/product\/mascotas-a-la-escuela\/"]}]},{"@type":"ImageObject","inLanguage":"es","@id":"https:\/\/www.bilingualelibrary.org\/product\/mascotas-a-la-escuela\/#primaryimage","url":"https:\/\/www.bilingualelibrary.org\/wp-content\/uploads\/2024\/04\/Mascotas-a-la-Escuela.jpeg","contentUrl":"https:\/\/www.bilingualelibrary.org\/wp-content\/uploads\/2024\/04\/Mascotas-a-la-Escuela.jpeg","width":739,"height":416},{"@type":"BreadcrumbList","@id":"https:\/\/www.bilingualelibrary.org\/product\/mascotas-a-la-escuela\/#breadcrumb","itemListElement":[{"@type":"ListItem","position":1,"name":"Home","item":"https:\/\/www.bilingualelibrary.org\/es\/"},{"@type":"ListItem","position":2,"name":"E-Library","item":"https:\/\/www.bilingualelibrary.org\/en\/e-library\/"},{"@type":"ListItem","position":3,"name":"\u00bfPor qu\u00e9 no puedo llevar a mi mascota a la escuela?"}]},{"@type":"WebSite","@id":"https:\/\/www.bilingualelibrary.org\/en\/#website","url":"https:\/\/www.bilingualelibrary.org\/en\/","name":"Biblioteca Electr\u00f3nica Biling\u00fce, UHD","description":"","publisher":{"@id":"https:\/\/www.bilingualelibrary.org\/en\/#organization"},"potentialAction":[{"@type":"SearchAction","target":{"@type":"EntryPoint","urlTemplate":"https:\/\/www.bilingualelibrary.org\/en\/?s={search_term_string}"},"query-input":{"@type":"PropertyValueSpecification","valueRequired":true,"valueName":"search_term_string"}}],"inLanguage":"es"},{"@type":"Organization","@id":"https:\/\/www.bilingualelibrary.org\/en\/#organization","name":"University of Houston-Downtown Bilingual E-Library","url":"https:\/\/www.bilingualelibrary.org\/en\/","logo":{"@type":"ImageObject","inLanguage":"es","@id":"https:\/\/www.bilingualelibrary.org\/en\/#\/schema\/logo\/image\/","url":"https:\/\/www.bilingualelibrary.org\/wp-content\/uploads\/2023\/12\/cropped-logo-signature.png","contentUrl":"https:\/\/www.bilingualelibrary.org\/wp-content\/uploads\/2023\/12\/cropped-logo-signature.png","width":341,"height":54,"caption":"University of Houston-Downtown Bilingual E-Library"},"image":{"@id":"https:\/\/www.bilingualelibrary.org\/en\/#\/schema\/logo\/image\/"},"sameAs":["https:\/\/www.facebook.com\/UHDBilingualeLibrary","https:\/\/www.instagram.com\/uhdbilingualelibrary","https:\/\/www.youtube.com\/@E-LibraryUHD"]}]}},"_links":{"self":[{"href":"https:\/\/www.bilingualelibrary.org\/es\/wp-json\/wp\/v2\/product\/21287","targetHints":{"allow":["GET"]}}],"collection":[{"href":"https:\/\/www.bilingualelibrary.org\/es\/wp-json\/wp\/v2\/product"}],"about":[{"href":"https:\/\/www.bilingualelibrary.org\/es\/wp-json\/wp\/v2\/types\/product"}],"replies":[{"embeddable":true,"href":"https:\/\/www.bilingualelibrary.org\/es\/wp-json\/wp\/v2\/comments?post=21287"}],"wp:featuredmedia":[{"embeddable":true,"href":"https:\/\/www.bilingualelibrary.org\/es\/wp-json\/wp\/v2\/media\/22187"}],"wp:attachment":[{"href":"https:\/\/www.bilingualelibrary.org\/es\/wp-json\/wp\/v2\/media?parent=21287"}],"wp:term":[{"taxonomy":"product_brand","embeddable":true,"href":"https:\/\/www.bilingualelibrary.org\/es\/wp-json\/wp\/v2\/product_brand?post=21287"},{"taxonomy":"product_cat","embeddable":true,"href":"https:\/\/www.bilingualelibrary.org\/es\/wp-json\/wp\/v2\/product_cat?post=21287"},{"taxonomy":"product_tag","embeddable":true,"href":"https:\/\/www.bilingualelibrary.org\/es\/wp-json\/wp\/v2\/product_tag?post=21287"}],"curies":[{"name":"wp","href":"https:\/\/api.w.org\/{rel}","templated":true}]}}