{"id":21310,"date":"2024-02-20T05:24:23","date_gmt":"2024-02-20T10:24:23","guid":{"rendered":"https:\/\/bilingualelibrary.org\/product\/vamos-a-la-playa-con-safyan\/"},"modified":"2026-01-08T17:48:16","modified_gmt":"2026-01-08T22:48:16","slug":"vamos-a-la-playa-con-safyan","status":"publish","type":"product","link":"https:\/\/www.bilingualelibrary.org\/es\/product\/vamos-a-la-playa-con-safyan\/","title":{"rendered":"\u00a1Vamos a la playa con Safyan!"},"content":{"rendered":"<p>Hab\u00eda una familia de tiburones que viv\u00eda en un oc\u00e9ano. Un d\u00eda, Safyan, que era el beb\u00e9 tibur\u00f3n, le dijo a su mam\u00e1 que quer\u00eda ir a la playa, pero su mam\u00e1 le dijo que estaba ocupada. Ella le dijo que fuera con su pap\u00e1 y cada vez que ya se iban a ir, a Safyan se le olvidaba algo.<\/p>","protected":false},"excerpt":{"rendered":"<div class=\"responsive-iframe-container\">\n    <iframe src=\"https:\/\/d2y36twrtb17ty.cloudfront.net\/sessions\/f9d35fe2-6999-45c0-ad11-ae0501717922\/c26231ea-d234-41df-8c23-ae0501717922-4c219710-9e15-4361-9cdd-ae0501717922.mp4?InvocationID=4c24c929-ddcf-ee11-8291-12c206d2fd2b&#038;tid=00000000-0000-0000-0000-000000000000&#038;StreamID=4646900a-b057-467d-a6a7-ae23014fc463&#038;ServerName=uhdowntown.hosted.panopto.com\" frameborder=\"0\" allowfullscreen><\/iframe>\n<\/div>\n<style>\n        .custom-button {\n            display: inline-block;\n            padding: 10px 20px;\n            font-size: 16px;\n            cursor: pointer;\n            text-align: center;\n            text-decoration: none;\n            outline: none;\n            color: #fff;\n            background-color: #14326B;\n            border: none;\n            border-radius: 5px;\n            box-shadow: 0 3px #999;\n        }<\/p>\n<p>        .custom-button:hover {background-color: #14326B}<\/p>\n<p>        .custom-button:active {\n            background-color: #14326B;\n            box-shadow: 0 1px #666;\n            transform: translateY(4px);\n        }\n    <\/style>\n<p><\/head><\/p>\n<p>    <!-- Button HTML --><br \/>\n    <a href=\"https:\/\/www.bilingualelibrary.org\/es\/producto\/lets-go-to-the-beach-with-safyan\/\" class=\"custom-button\">Versi\u00f3n en ingl\u00e9s<\/a><\/p>\n<p><\/html><\/p>","protected":false},"featured_media":22210,"comment_status":"open","ping_status":"closed","template":"","meta":[],"product_brand":[],"product_cat":[735],"product_tag":[],"class_list":{"0":"post-21310","1":"product","2":"type-product","3":"status-publish","4":"has-post-thumbnail","6":"product_cat-735","8":"first","9":"instock","10":"shipping-taxable","11":"product-type-simple"},"yoast_head":"<!-- This site is optimized with the Yoast SEO plugin v27.2 - https:\/\/yoast.com\/product\/yoast-seo-wordpress\/ -->\n<title>\u00a1Vamos a la playa con Safyan! - UHD Bilingual E-Library<\/title>\n<meta name=\"robots\" content=\"index, follow, max-snippet:-1, max-image-preview:large, max-video-preview:-1\" \/>\n<link rel=\"canonical\" href=\"https:\/\/www.bilingualelibrary.org\/es\/producto\/vamos-a-la-playa-con-safyan\/\" \/>\n<meta property=\"og:locale\" content=\"es_ES\" \/>\n<meta property=\"og:type\" content=\"article\" \/>\n<meta property=\"og:title\" content=\"\u00a1Vamos a la playa con Safyan! - UHD Bilingual E-Library\" \/>\n<meta property=\"og:description\" content=\"English Version\" \/>\n<meta property=\"og:url\" content=\"https:\/\/www.bilingualelibrary.org\/es\/producto\/vamos-a-la-playa-con-safyan\/\" \/>\n<meta property=\"og:site_name\" content=\"UHD Bilingual E-Library\" \/>\n<meta property=\"article:publisher\" content=\"https:\/\/www.facebook.com\/UHDBilingualeLibrary\" \/>\n<meta property=\"article:modified_time\" content=\"2026-01-08T22:48:16+00:00\" \/>\n<meta property=\"og:image\" content=\"https:\/\/www.bilingualelibrary.org\/wp-content\/uploads\/2024\/04\/Vamos-a-la-Playa-con-Safyan.jpeg\" \/>\n\t<meta property=\"og:image:width\" content=\"739\" \/>\n\t<meta property=\"og:image:height\" content=\"416\" \/>\n\t<meta property=\"og:image:type\" content=\"image\/jpeg\" \/>\n<meta name=\"twitter:card\" content=\"summary_large_image\" \/>\n<script type=\"application\/ld+json\" class=\"yoast-schema-graph\">{\"@context\":\"https:\/\/schema.org\",\"@graph\":[{\"@type\":\"WebPage\",\"@id\":\"https:\/\/www.bilingualelibrary.org\/product\/vamos-a-la-playa-con-safyan\/\",\"url\":\"https:\/\/www.bilingualelibrary.org\/product\/vamos-a-la-playa-con-safyan\/\",\"name\":\"\u00a1Vamos a la playa con Safyan! - UHD Bilingual E-Library\",\"isPartOf\":{\"@id\":\"https:\/\/www.bilingualelibrary.org\/en\/#website\"},\"primaryImageOfPage\":{\"@id\":\"https:\/\/www.bilingualelibrary.org\/product\/vamos-a-la-playa-con-safyan\/#primaryimage\"},\"image\":{\"@id\":\"https:\/\/www.bilingualelibrary.org\/product\/vamos-a-la-playa-con-safyan\/#primaryimage\"},\"thumbnailUrl\":\"https:\/\/www.bilingualelibrary.org\/wp-content\/uploads\/2024\/04\/Vamos-a-la-Playa-con-Safyan.jpeg\",\"datePublished\":\"2024-02-20T10:24:23+00:00\",\"dateModified\":\"2026-01-08T22:48:16+00:00\",\"breadcrumb\":{\"@id\":\"https:\/\/www.bilingualelibrary.org\/product\/vamos-a-la-playa-con-safyan\/#breadcrumb\"},\"inLanguage\":\"es\",\"potentialAction\":[{\"@type\":\"ReadAction\",\"target\":[\"https:\/\/www.bilingualelibrary.org\/product\/vamos-a-la-playa-con-safyan\/\"]}]},{\"@type\":\"ImageObject\",\"inLanguage\":\"es\",\"@id\":\"https:\/\/www.bilingualelibrary.org\/product\/vamos-a-la-playa-con-safyan\/#primaryimage\",\"url\":\"https:\/\/www.bilingualelibrary.org\/wp-content\/uploads\/2024\/04\/Vamos-a-la-Playa-con-Safyan.jpeg\",\"contentUrl\":\"https:\/\/www.bilingualelibrary.org\/wp-content\/uploads\/2024\/04\/Vamos-a-la-Playa-con-Safyan.jpeg\",\"width\":739,\"height\":416},{\"@type\":\"BreadcrumbList\",\"@id\":\"https:\/\/www.bilingualelibrary.org\/product\/vamos-a-la-playa-con-safyan\/#breadcrumb\",\"itemListElement\":[{\"@type\":\"ListItem\",\"position\":1,\"name\":\"Home\",\"item\":\"https:\/\/www.bilingualelibrary.org\/es\/\"},{\"@type\":\"ListItem\",\"position\":2,\"name\":\"E-Library\",\"item\":\"https:\/\/www.bilingualelibrary.org\/en\/e-library\/\"},{\"@type\":\"ListItem\",\"position\":3,\"name\":\"\u00a1Vamos a la playa con Safyan!\"}]},{\"@type\":\"WebSite\",\"@id\":\"https:\/\/www.bilingualelibrary.org\/en\/#website\",\"url\":\"https:\/\/www.bilingualelibrary.org\/en\/\",\"name\":\"UHD Bilingual E-Library\",\"description\":\"\",\"publisher\":{\"@id\":\"https:\/\/www.bilingualelibrary.org\/en\/#organization\"},\"potentialAction\":[{\"@type\":\"SearchAction\",\"target\":{\"@type\":\"EntryPoint\",\"urlTemplate\":\"https:\/\/www.bilingualelibrary.org\/en\/?s={search_term_string}\"},\"query-input\":{\"@type\":\"PropertyValueSpecification\",\"valueRequired\":true,\"valueName\":\"search_term_string\"}}],\"inLanguage\":\"es\"},{\"@type\":\"Organization\",\"@id\":\"https:\/\/www.bilingualelibrary.org\/en\/#organization\",\"name\":\"University of Houston-Downtown Bilingual E-Library\",\"url\":\"https:\/\/www.bilingualelibrary.org\/en\/\",\"logo\":{\"@type\":\"ImageObject\",\"inLanguage\":\"es\",\"@id\":\"https:\/\/www.bilingualelibrary.org\/en\/#\/schema\/logo\/image\/\",\"url\":\"https:\/\/www.bilingualelibrary.org\/wp-content\/uploads\/2023\/12\/cropped-logo-signature.png\",\"contentUrl\":\"https:\/\/www.bilingualelibrary.org\/wp-content\/uploads\/2023\/12\/cropped-logo-signature.png\",\"width\":341,\"height\":54,\"caption\":\"University of Houston-Downtown Bilingual E-Library\"},\"image\":{\"@id\":\"https:\/\/www.bilingualelibrary.org\/en\/#\/schema\/logo\/image\/\"},\"sameAs\":[\"https:\/\/www.facebook.com\/UHDBilingualeLibrary\",\"https:\/\/www.instagram.com\/uhdbilingualelibrary\",\"https:\/\/www.youtube.com\/@E-LibraryUHD\"]}]}<\/script>\n<!-- \/ Yoast SEO plugin. -->","yoast_head_json":{"title":"\u00a1Vamos a la playa con Safyan! - UHD Bilingual E-Library","robots":{"index":"index","follow":"follow","max-snippet":"max-snippet:-1","max-image-preview":"max-image-preview:large","max-video-preview":"max-video-preview:-1"},"canonical":"https:\/\/www.bilingualelibrary.org\/es\/producto\/vamos-a-la-playa-con-safyan\/","og_locale":"es_ES","og_type":"article","og_title":"\u00a1Vamos a la playa con Safyan! - UHD Bilingual E-Library","og_description":"English Version","og_url":"https:\/\/www.bilingualelibrary.org\/es\/producto\/vamos-a-la-playa-con-safyan\/","og_site_name":"UHD Bilingual E-Library","article_publisher":"https:\/\/www.facebook.com\/UHDBilingualeLibrary","article_modified_time":"2026-01-08T22:48:16+00:00","og_image":[{"width":739,"height":416,"url":"https:\/\/www.bilingualelibrary.org\/wp-content\/uploads\/2024\/04\/Vamos-a-la-Playa-con-Safyan.jpeg","type":"image\/jpeg"}],"twitter_card":"summary_large_image","schema":{"@context":"https:\/\/schema.org","@graph":[{"@type":"WebPage","@id":"https:\/\/www.bilingualelibrary.org\/product\/vamos-a-la-playa-con-safyan\/","url":"https:\/\/www.bilingualelibrary.org\/product\/vamos-a-la-playa-con-safyan\/","name":"\u00a1Vamos a la playa con Safyan! - UHD Bilingual E-Library","isPartOf":{"@id":"https:\/\/www.bilingualelibrary.org\/en\/#website"},"primaryImageOfPage":{"@id":"https:\/\/www.bilingualelibrary.org\/product\/vamos-a-la-playa-con-safyan\/#primaryimage"},"image":{"@id":"https:\/\/www.bilingualelibrary.org\/product\/vamos-a-la-playa-con-safyan\/#primaryimage"},"thumbnailUrl":"https:\/\/www.bilingualelibrary.org\/wp-content\/uploads\/2024\/04\/Vamos-a-la-Playa-con-Safyan.jpeg","datePublished":"2024-02-20T10:24:23+00:00","dateModified":"2026-01-08T22:48:16+00:00","breadcrumb":{"@id":"https:\/\/www.bilingualelibrary.org\/product\/vamos-a-la-playa-con-safyan\/#breadcrumb"},"inLanguage":"es","potentialAction":[{"@type":"ReadAction","target":["https:\/\/www.bilingualelibrary.org\/product\/vamos-a-la-playa-con-safyan\/"]}]},{"@type":"ImageObject","inLanguage":"es","@id":"https:\/\/www.bilingualelibrary.org\/product\/vamos-a-la-playa-con-safyan\/#primaryimage","url":"https:\/\/www.bilingualelibrary.org\/wp-content\/uploads\/2024\/04\/Vamos-a-la-Playa-con-Safyan.jpeg","contentUrl":"https:\/\/www.bilingualelibrary.org\/wp-content\/uploads\/2024\/04\/Vamos-a-la-Playa-con-Safyan.jpeg","width":739,"height":416},{"@type":"BreadcrumbList","@id":"https:\/\/www.bilingualelibrary.org\/product\/vamos-a-la-playa-con-safyan\/#breadcrumb","itemListElement":[{"@type":"ListItem","position":1,"name":"Home","item":"https:\/\/www.bilingualelibrary.org\/es\/"},{"@type":"ListItem","position":2,"name":"E-Library","item":"https:\/\/www.bilingualelibrary.org\/en\/e-library\/"},{"@type":"ListItem","position":3,"name":"\u00a1Vamos a la playa con Safyan!"}]},{"@type":"WebSite","@id":"https:\/\/www.bilingualelibrary.org\/en\/#website","url":"https:\/\/www.bilingualelibrary.org\/en\/","name":"Biblioteca Electr\u00f3nica Biling\u00fce, UHD","description":"","publisher":{"@id":"https:\/\/www.bilingualelibrary.org\/en\/#organization"},"potentialAction":[{"@type":"SearchAction","target":{"@type":"EntryPoint","urlTemplate":"https:\/\/www.bilingualelibrary.org\/en\/?s={search_term_string}"},"query-input":{"@type":"PropertyValueSpecification","valueRequired":true,"valueName":"search_term_string"}}],"inLanguage":"es"},{"@type":"Organization","@id":"https:\/\/www.bilingualelibrary.org\/en\/#organization","name":"University of Houston-Downtown Bilingual E-Library","url":"https:\/\/www.bilingualelibrary.org\/en\/","logo":{"@type":"ImageObject","inLanguage":"es","@id":"https:\/\/www.bilingualelibrary.org\/en\/#\/schema\/logo\/image\/","url":"https:\/\/www.bilingualelibrary.org\/wp-content\/uploads\/2023\/12\/cropped-logo-signature.png","contentUrl":"https:\/\/www.bilingualelibrary.org\/wp-content\/uploads\/2023\/12\/cropped-logo-signature.png","width":341,"height":54,"caption":"University of Houston-Downtown Bilingual E-Library"},"image":{"@id":"https:\/\/www.bilingualelibrary.org\/en\/#\/schema\/logo\/image\/"},"sameAs":["https:\/\/www.facebook.com\/UHDBilingualeLibrary","https:\/\/www.instagram.com\/uhdbilingualelibrary","https:\/\/www.youtube.com\/@E-LibraryUHD"]}]}},"_links":{"self":[{"href":"https:\/\/www.bilingualelibrary.org\/es\/wp-json\/wp\/v2\/product\/21310","targetHints":{"allow":["GET"]}}],"collection":[{"href":"https:\/\/www.bilingualelibrary.org\/es\/wp-json\/wp\/v2\/product"}],"about":[{"href":"https:\/\/www.bilingualelibrary.org\/es\/wp-json\/wp\/v2\/types\/product"}],"replies":[{"embeddable":true,"href":"https:\/\/www.bilingualelibrary.org\/es\/wp-json\/wp\/v2\/comments?post=21310"}],"wp:featuredmedia":[{"embeddable":true,"href":"https:\/\/www.bilingualelibrary.org\/es\/wp-json\/wp\/v2\/media\/22210"}],"wp:attachment":[{"href":"https:\/\/www.bilingualelibrary.org\/es\/wp-json\/wp\/v2\/media?parent=21310"}],"wp:term":[{"taxonomy":"product_brand","embeddable":true,"href":"https:\/\/www.bilingualelibrary.org\/es\/wp-json\/wp\/v2\/product_brand?post=21310"},{"taxonomy":"product_cat","embeddable":true,"href":"https:\/\/www.bilingualelibrary.org\/es\/wp-json\/wp\/v2\/product_cat?post=21310"},{"taxonomy":"product_tag","embeddable":true,"href":"https:\/\/www.bilingualelibrary.org\/es\/wp-json\/wp\/v2\/product_tag?post=21310"}],"curies":[{"name":"wp","href":"https:\/\/api.w.org\/{rel}","templated":true}]}}