{"id":21315,"date":"2024-02-20T05:24:30","date_gmt":"2024-02-20T10:24:30","guid":{"rendered":"https:\/\/bilingualelibrary.org\/product\/arcoiris-y-dorado\/"},"modified":"2026-01-08T17:48:16","modified_gmt":"2026-01-08T22:48:16","slug":"arcoiris-y-dorado","status":"publish","type":"product","link":"https:\/\/www.bilingualelibrary.org\/es\/product\/arcoiris-y-dorado\/","title":{"rendered":"Yamileth, Darlin y sus amigos Arco\u00edris y Dorado"},"content":{"rendered":"<p>Yamileth se levant\u00f3 contenta porque hoy iba a jugar con su mejor amiga Darlin y sus unicornios en la hora del recreo. Al llegar a la escuela, Yamileth le pregunt\u00f3 a la se\u00f1ora Rodr\u00edguez si pod\u00eda llevar a sus unicornios cuando fuera la hora del recreo, pero la se\u00f1ora Rodr\u00edguez le dijo que no pod\u00eda y Yamileth se puso triste.<\/p>","protected":false},"excerpt":{"rendered":"<div class=\"responsive-iframe-container\">\n    <iframe src=\"https:\/\/d2y36twrtb17ty.cloudfront.net\/sessions\/54593e57-01c8-4fa8-a7c3-ae050171e231\/fa329c91-8bd2-4cb0-adbd-ae050171e231-7e62c707-cb8f-40b3-83a8-ae050171e231.mp4?InvocationID=e3b8ce69-ddcf-ee11-8291-12c206d2fd2b&amp;tid=00000000-0000-0000-0000-000000000000&amp;StreamID=248045a8-aa1f-42ad-801a-ae2301507333&amp;ServerName=uhdowntown.hosted.panopto.com\" frameborder=\"0\" allowfullscreen><\/iframe>\n<\/div>\n<style>\n    .custom-button {\n        display: inline-block;\n        padding: 10px 20px;\n        font-size: 16px;\n        cursor: pointer;\n        text-align: center;\n        text-decoration: none;\n        outline: none;\n        color: #fff;\n        background-color: #14326B;\n        border: none;\n        border-radius: 5px;\n        box-shadow: 0 3px #999;\n    }\n    .custom-button:hover {\n        background-color: #14326B;\n    }\n    .custom-button:active {\n        background-color: #14326B;\n        box-shadow: 0 1px #666;\n        transform: translateY(4px);\n    }\n<\/style>\n<p><!-- Button HTML --><br \/>\n<a class=\"custom-button\" href=\"https:\/\/www.bilingualelibrary.org\/es\/producto\/rainbow-and-goldie\/\">Versi\u00f3n en ingl\u00e9s<\/a><\/p>","protected":false},"featured_media":22215,"comment_status":"open","ping_status":"closed","template":"","meta":[],"product_brand":[],"product_cat":[735],"product_tag":[776,790],"class_list":{"0":"post-21315","1":"product","2":"type-product","3":"status-publish","4":"has-post-thumbnail","6":"product_cat-735","7":"product_tag-animals-arcoiris-dorado","8":"product_tag-e-book","10":"first","11":"instock","12":"shipping-taxable","13":"product-type-simple"},"yoast_head":"<!-- This site is optimized with the Yoast SEO plugin v27.2 - https:\/\/yoast.com\/product\/yoast-seo-wordpress\/ -->\n<title>Yamileth, Darlin y sus amigos Arco\u00edris y Dorado - UHD Bilingual E-Library<\/title>\n<meta name=\"robots\" content=\"index, follow, max-snippet:-1, max-image-preview:large, max-video-preview:-1\" \/>\n<link rel=\"canonical\" href=\"https:\/\/www.bilingualelibrary.org\/es\/producto\/arcoiris-y-dorado\/\" \/>\n<meta property=\"og:locale\" content=\"es_ES\" \/>\n<meta property=\"og:type\" content=\"article\" \/>\n<meta property=\"og:title\" content=\"Yamileth, Darlin y sus amigos Arco\u00edris y Dorado - UHD Bilingual E-Library\" \/>\n<meta property=\"og:description\" content=\"English Version\" \/>\n<meta property=\"og:url\" content=\"https:\/\/www.bilingualelibrary.org\/es\/producto\/arcoiris-y-dorado\/\" \/>\n<meta property=\"og:site_name\" content=\"UHD Bilingual E-Library\" \/>\n<meta property=\"article:publisher\" content=\"https:\/\/www.facebook.com\/UHDBilingualeLibrary\" \/>\n<meta property=\"article:modified_time\" content=\"2026-01-08T22:48:16+00:00\" \/>\n<meta property=\"og:image\" content=\"https:\/\/www.bilingualelibrary.org\/wp-content\/uploads\/2024\/04\/Arcoi\u0301ris-y-Dorado.jpeg\" \/>\n\t<meta property=\"og:image:width\" content=\"739\" \/>\n\t<meta property=\"og:image:height\" content=\"416\" \/>\n\t<meta property=\"og:image:type\" content=\"image\/jpeg\" \/>\n<meta name=\"twitter:card\" content=\"summary_large_image\" \/>\n<meta name=\"twitter:label1\" content=\"Tiempo de lectura\" \/>\n\t<meta name=\"twitter:data1\" content=\"1 minuto\" \/>\n<script type=\"application\/ld+json\" class=\"yoast-schema-graph\">{\"@context\":\"https:\/\/schema.org\",\"@graph\":[{\"@type\":\"WebPage\",\"@id\":\"https:\/\/www.bilingualelibrary.org\/product\/arcoiris-y-dorado\/\",\"url\":\"https:\/\/www.bilingualelibrary.org\/product\/arcoiris-y-dorado\/\",\"name\":\"Yamileth, Darlin y sus amigos Arco\u00edris y Dorado - UHD Bilingual E-Library\",\"isPartOf\":{\"@id\":\"https:\/\/www.bilingualelibrary.org\/en\/#website\"},\"primaryImageOfPage\":{\"@id\":\"https:\/\/www.bilingualelibrary.org\/product\/arcoiris-y-dorado\/#primaryimage\"},\"image\":{\"@id\":\"https:\/\/www.bilingualelibrary.org\/product\/arcoiris-y-dorado\/#primaryimage\"},\"thumbnailUrl\":\"https:\/\/www.bilingualelibrary.org\/wp-content\/uploads\/2024\/04\/Arcoi\u0301ris-y-Dorado.jpeg\",\"datePublished\":\"2024-02-20T10:24:30+00:00\",\"dateModified\":\"2026-01-08T22:48:16+00:00\",\"breadcrumb\":{\"@id\":\"https:\/\/www.bilingualelibrary.org\/product\/arcoiris-y-dorado\/#breadcrumb\"},\"inLanguage\":\"es\",\"potentialAction\":[{\"@type\":\"ReadAction\",\"target\":[\"https:\/\/www.bilingualelibrary.org\/product\/arcoiris-y-dorado\/\"]}]},{\"@type\":\"ImageObject\",\"inLanguage\":\"es\",\"@id\":\"https:\/\/www.bilingualelibrary.org\/product\/arcoiris-y-dorado\/#primaryimage\",\"url\":\"https:\/\/www.bilingualelibrary.org\/wp-content\/uploads\/2024\/04\/Arcoi\u0301ris-y-Dorado.jpeg\",\"contentUrl\":\"https:\/\/www.bilingualelibrary.org\/wp-content\/uploads\/2024\/04\/Arcoi\u0301ris-y-Dorado.jpeg\",\"width\":739,\"height\":416},{\"@type\":\"BreadcrumbList\",\"@id\":\"https:\/\/www.bilingualelibrary.org\/product\/arcoiris-y-dorado\/#breadcrumb\",\"itemListElement\":[{\"@type\":\"ListItem\",\"position\":1,\"name\":\"Home\",\"item\":\"https:\/\/www.bilingualelibrary.org\/es\/\"},{\"@type\":\"ListItem\",\"position\":2,\"name\":\"E-Library\",\"item\":\"https:\/\/www.bilingualelibrary.org\/en\/e-library\/\"},{\"@type\":\"ListItem\",\"position\":3,\"name\":\"Yamileth, Darlin y sus amigos Arco\u00edris y Dorado\"}]},{\"@type\":\"WebSite\",\"@id\":\"https:\/\/www.bilingualelibrary.org\/en\/#website\",\"url\":\"https:\/\/www.bilingualelibrary.org\/en\/\",\"name\":\"UHD Bilingual E-Library\",\"description\":\"\",\"publisher\":{\"@id\":\"https:\/\/www.bilingualelibrary.org\/en\/#organization\"},\"potentialAction\":[{\"@type\":\"SearchAction\",\"target\":{\"@type\":\"EntryPoint\",\"urlTemplate\":\"https:\/\/www.bilingualelibrary.org\/en\/?s={search_term_string}\"},\"query-input\":{\"@type\":\"PropertyValueSpecification\",\"valueRequired\":true,\"valueName\":\"search_term_string\"}}],\"inLanguage\":\"es\"},{\"@type\":\"Organization\",\"@id\":\"https:\/\/www.bilingualelibrary.org\/en\/#organization\",\"name\":\"University of Houston-Downtown Bilingual E-Library\",\"url\":\"https:\/\/www.bilingualelibrary.org\/en\/\",\"logo\":{\"@type\":\"ImageObject\",\"inLanguage\":\"es\",\"@id\":\"https:\/\/www.bilingualelibrary.org\/en\/#\/schema\/logo\/image\/\",\"url\":\"https:\/\/www.bilingualelibrary.org\/wp-content\/uploads\/2023\/12\/cropped-logo-signature.png\",\"contentUrl\":\"https:\/\/www.bilingualelibrary.org\/wp-content\/uploads\/2023\/12\/cropped-logo-signature.png\",\"width\":341,\"height\":54,\"caption\":\"University of Houston-Downtown Bilingual E-Library\"},\"image\":{\"@id\":\"https:\/\/www.bilingualelibrary.org\/en\/#\/schema\/logo\/image\/\"},\"sameAs\":[\"https:\/\/www.facebook.com\/UHDBilingualeLibrary\",\"https:\/\/www.instagram.com\/uhdbilingualelibrary\",\"https:\/\/www.youtube.com\/@E-LibraryUHD\"]}]}<\/script>\n<!-- \/ Yoast SEO plugin. -->","yoast_head_json":{"title":"Yamileth, Darlin y sus amigos Arco\u00edris y Dorado - UHD Bilingual E-Library","robots":{"index":"index","follow":"follow","max-snippet":"max-snippet:-1","max-image-preview":"max-image-preview:large","max-video-preview":"max-video-preview:-1"},"canonical":"https:\/\/www.bilingualelibrary.org\/es\/producto\/arcoiris-y-dorado\/","og_locale":"es_ES","og_type":"article","og_title":"Yamileth, Darlin y sus amigos Arco\u00edris y Dorado - UHD Bilingual E-Library","og_description":"English Version","og_url":"https:\/\/www.bilingualelibrary.org\/es\/producto\/arcoiris-y-dorado\/","og_site_name":"UHD Bilingual E-Library","article_publisher":"https:\/\/www.facebook.com\/UHDBilingualeLibrary","article_modified_time":"2026-01-08T22:48:16+00:00","og_image":[{"width":739,"height":416,"url":"https:\/\/www.bilingualelibrary.org\/wp-content\/uploads\/2024\/04\/Arcoi\u0301ris-y-Dorado.jpeg","type":"image\/jpeg"}],"twitter_card":"summary_large_image","twitter_misc":{"Tiempo de lectura":"1 minuto"},"schema":{"@context":"https:\/\/schema.org","@graph":[{"@type":"WebPage","@id":"https:\/\/www.bilingualelibrary.org\/product\/arcoiris-y-dorado\/","url":"https:\/\/www.bilingualelibrary.org\/product\/arcoiris-y-dorado\/","name":"Yamileth, Darlin y sus amigos Arco\u00edris y Dorado - UHD Bilingual E-Library","isPartOf":{"@id":"https:\/\/www.bilingualelibrary.org\/en\/#website"},"primaryImageOfPage":{"@id":"https:\/\/www.bilingualelibrary.org\/product\/arcoiris-y-dorado\/#primaryimage"},"image":{"@id":"https:\/\/www.bilingualelibrary.org\/product\/arcoiris-y-dorado\/#primaryimage"},"thumbnailUrl":"https:\/\/www.bilingualelibrary.org\/wp-content\/uploads\/2024\/04\/Arcoi\u0301ris-y-Dorado.jpeg","datePublished":"2024-02-20T10:24:30+00:00","dateModified":"2026-01-08T22:48:16+00:00","breadcrumb":{"@id":"https:\/\/www.bilingualelibrary.org\/product\/arcoiris-y-dorado\/#breadcrumb"},"inLanguage":"es","potentialAction":[{"@type":"ReadAction","target":["https:\/\/www.bilingualelibrary.org\/product\/arcoiris-y-dorado\/"]}]},{"@type":"ImageObject","inLanguage":"es","@id":"https:\/\/www.bilingualelibrary.org\/product\/arcoiris-y-dorado\/#primaryimage","url":"https:\/\/www.bilingualelibrary.org\/wp-content\/uploads\/2024\/04\/Arcoi\u0301ris-y-Dorado.jpeg","contentUrl":"https:\/\/www.bilingualelibrary.org\/wp-content\/uploads\/2024\/04\/Arcoi\u0301ris-y-Dorado.jpeg","width":739,"height":416},{"@type":"BreadcrumbList","@id":"https:\/\/www.bilingualelibrary.org\/product\/arcoiris-y-dorado\/#breadcrumb","itemListElement":[{"@type":"ListItem","position":1,"name":"Home","item":"https:\/\/www.bilingualelibrary.org\/es\/"},{"@type":"ListItem","position":2,"name":"E-Library","item":"https:\/\/www.bilingualelibrary.org\/en\/e-library\/"},{"@type":"ListItem","position":3,"name":"Yamileth, Darlin y sus amigos Arco\u00edris y Dorado"}]},{"@type":"WebSite","@id":"https:\/\/www.bilingualelibrary.org\/en\/#website","url":"https:\/\/www.bilingualelibrary.org\/en\/","name":"Biblioteca Electr\u00f3nica Biling\u00fce, UHD","description":"","publisher":{"@id":"https:\/\/www.bilingualelibrary.org\/en\/#organization"},"potentialAction":[{"@type":"SearchAction","target":{"@type":"EntryPoint","urlTemplate":"https:\/\/www.bilingualelibrary.org\/en\/?s={search_term_string}"},"query-input":{"@type":"PropertyValueSpecification","valueRequired":true,"valueName":"search_term_string"}}],"inLanguage":"es"},{"@type":"Organization","@id":"https:\/\/www.bilingualelibrary.org\/en\/#organization","name":"University of Houston-Downtown Bilingual E-Library","url":"https:\/\/www.bilingualelibrary.org\/en\/","logo":{"@type":"ImageObject","inLanguage":"es","@id":"https:\/\/www.bilingualelibrary.org\/en\/#\/schema\/logo\/image\/","url":"https:\/\/www.bilingualelibrary.org\/wp-content\/uploads\/2023\/12\/cropped-logo-signature.png","contentUrl":"https:\/\/www.bilingualelibrary.org\/wp-content\/uploads\/2023\/12\/cropped-logo-signature.png","width":341,"height":54,"caption":"University of Houston-Downtown Bilingual E-Library"},"image":{"@id":"https:\/\/www.bilingualelibrary.org\/en\/#\/schema\/logo\/image\/"},"sameAs":["https:\/\/www.facebook.com\/UHDBilingualeLibrary","https:\/\/www.instagram.com\/uhdbilingualelibrary","https:\/\/www.youtube.com\/@E-LibraryUHD"]}]}},"_links":{"self":[{"href":"https:\/\/www.bilingualelibrary.org\/es\/wp-json\/wp\/v2\/product\/21315","targetHints":{"allow":["GET"]}}],"collection":[{"href":"https:\/\/www.bilingualelibrary.org\/es\/wp-json\/wp\/v2\/product"}],"about":[{"href":"https:\/\/www.bilingualelibrary.org\/es\/wp-json\/wp\/v2\/types\/product"}],"replies":[{"embeddable":true,"href":"https:\/\/www.bilingualelibrary.org\/es\/wp-json\/wp\/v2\/comments?post=21315"}],"wp:featuredmedia":[{"embeddable":true,"href":"https:\/\/www.bilingualelibrary.org\/es\/wp-json\/wp\/v2\/media\/22215"}],"wp:attachment":[{"href":"https:\/\/www.bilingualelibrary.org\/es\/wp-json\/wp\/v2\/media?parent=21315"}],"wp:term":[{"taxonomy":"product_brand","embeddable":true,"href":"https:\/\/www.bilingualelibrary.org\/es\/wp-json\/wp\/v2\/product_brand?post=21315"},{"taxonomy":"product_cat","embeddable":true,"href":"https:\/\/www.bilingualelibrary.org\/es\/wp-json\/wp\/v2\/product_cat?post=21315"},{"taxonomy":"product_tag","embeddable":true,"href":"https:\/\/www.bilingualelibrary.org\/es\/wp-json\/wp\/v2\/product_tag?post=21315"}],"curies":[{"name":"wp","href":"https:\/\/api.w.org\/{rel}","templated":true}]}}